  {"id":21745,"date":"2021-06-28T00:00:16","date_gmt":"2021-06-28T03:00:16","guid":{"rendered":"http:\/\/aperambioenergia.com.br\/home\/"},"modified":"2026-03-24T14:53:27","modified_gmt":"2026-03-24T17:53:27","slug":"home","status":"publish","type":"page","link":"https:\/\/aperambioenergia.com.br\/en\/","title":{"rendered":"Home"},"content":{"rendered":"\t\t<div data-elementor-type=\"wp-page\" data-elementor-id=\"21745\" class=\"elementor elementor-21745 elementor-21708\" data-elementor-post-type=\"page\">\n\t\t\t\t\t\t<section class=\"elementor-section elementor-top-section elementor-element elementor-element-437e6a7 animated-fast elementor-section-boxed elementor-section-height-default elementor-section-height-default elementor-invisible\" data-id=\"437e6a7\" data-element_type=\"section\" data-e-type=\"section\" data-settings=\"{&quot;animation&quot;:&quot;fadeIn&quot;}\">\n\t\t\t\t\t\t<div class=\"elementor-container elementor-column-gap-default\">\n\t\t\t\t\t<div class=\"elementor-column elementor-col-100 elementor-top-column elementor-element elementor-element-419368f9\" data-id=\"419368f9\" data-element_type=\"column\" data-e-type=\"column\">\n\t\t\t<div class=\"elementor-widget-wrap elementor-element-populated\">\n\t\t\t\t\t\t<div class=\"elementor-element elementor-element-e2090ed elementor--h-position-center elementor--v-position-middle elementor-arrows-position-inside elementor-widget elementor-widget-slides\" data-id=\"e2090ed\" data-element_type=\"widget\" data-e-type=\"widget\" data-settings=\"{&quot;navigation&quot;:&quot;arrows&quot;,&quot;transition&quot;:&quot;fade&quot;,&quot;transition_speed&quot;:900,&quot;autoplay&quot;:&quot;yes&quot;,&quot;pause_on_hover&quot;:&quot;yes&quot;,&quot;pause_on_interaction&quot;:&quot;yes&quot;,&quot;autoplay_speed&quot;:5000,&quot;infinite&quot;:&quot;yes&quot;}\" data-widget_type=\"slides.default\">\n\t\t\t\t\t\t\t\t\t\t<div class=\"elementor-slides-wrapper elementor-main-swiper swiper\" role=\"region\" aria-roledescription=\"carousel\" aria-label=\"Slides\" dir=\"ltr\" data-animation=\"fadeInUp\">\n\t\t\t\t<div class=\"swiper-wrapper elementor-slides\">\n\t\t\t\t\t\t\t\t\t\t<div class=\"elementor-repeater-item-fb9965d swiper-slide\" role=\"group\" aria-roledescription=\"slide\"><div class=\"swiper-slide-bg\" role=\"img\" aria-label=\"Banner Edital Social 2025 - nova data\"><\/div><a class=\"swiper-slide-inner\" href=\"https:\/\/brasil.aperam.com\/sustentabilidade\/social\/fundacao-aperam-acesita\/editaldeprojetos\/\" target=\"_blank\"><div class=\"swiper-slide-contents\"><\/div><\/a><\/div><div class=\"elementor-repeater-item-bdd1ecf swiper-slide\" role=\"group\" aria-roledescription=\"slide\"><div class=\"swiper-slide-bg\" role=\"img\" aria-label=\"Banner Edital Ambiental 2025 Resultado 02\"><\/div><a class=\"swiper-slide-inner\" href=\"https:\/\/aperambioenergia.com.br\/sustentabilidade\/fundacao-aperam-acesita\/edital-de-apoio-a-iniciativas-ambientais\/\"><div class=\"swiper-slide-contents\"><\/div><\/a><\/div><div class=\"elementor-repeater-item-e6492fe swiper-slide\" role=\"group\" aria-roledescription=\"slide\"><div class=\"swiper-slide-bg\" role=\"img\" aria-label=\"Aprendiz Aperam BioEnergia 2025 BANNER\"><\/div><a class=\"swiper-slide-inner\" href=\"https:\/\/aperambioenergia.com.br\/pessoas\/voce-na-aperam\/programa-aprendiz\/\"><div class=\"swiper-slide-contents\"><\/div><\/a><\/div><div class=\"elementor-repeater-item-acb481e swiper-slide\" role=\"group\" aria-roledescription=\"slide\"><div class=\"swiper-slide-bg\" role=\"img\" aria-label=\"canudos_banner_site-1\"><\/div><a class=\"swiper-slide-inner\" href=\"http:\/\/brasil.aperam.com\/blog\/canudos-em-aco-inoxidavel-a-opcao-que-torna-sua-vida-mais-sustentavel\/\" target=\"_blank\"><div class=\"swiper-slide-contents\"><\/div><\/a><\/div><div class=\"elementor-repeater-item-881bcb0 swiper-slide\" role=\"group\" aria-roledescription=\"slide\"><div class=\"swiper-slide-bg\" role=\"img\" aria-label=\"Desert.\"><\/div><a class=\"swiper-slide-inner\" href=\"https:\/\/aperambioenergia.com.br\/?p=18966\"><div class=\"swiper-slide-contents\"><\/div><\/a><\/div>\t\t\t\t<\/div>\n\t\t\t\t\t\t\t\t\t\t\t\t\t\t\t<div class=\"elementor-swiper-button elementor-swiper-button-prev\" role=\"button\" tabindex=\"0\" aria-label=\"Previous slide\">\n\t\t\t\t\t\t\t<svg aria-hidden=\"true\" class=\"e-font-icon-svg e-eicon-chevron-left\" viewBox=\"0 0 1000 1000\" xmlns=\"http:\/\/www.w3.org\/2000\/svg\"><path d=\"M646 125C629 125 613 133 604 142L308 442C296 454 292 471 292 487 292 504 296 521 308 533L604 854C617 867 629 875 646 875 663 875 679 871 692 858 704 846 713 829 713 812 713 796 708 779 692 767L438 487 692 225C700 217 708 204 708 187 708 171 704 154 692 142 675 129 663 125 646 125Z\"><\/path><\/svg>\t\t\t\t\t\t<\/div>\n\t\t\t\t\t\t<div class=\"elementor-swiper-button elementor-swiper-button-next\" role=\"button\" tabindex=\"0\" aria-label=\"Next slide\">\n\t\t\t\t\t\t\t<svg aria-hidden=\"true\" class=\"e-font-icon-svg e-eicon-chevron-right\" viewBox=\"0 0 1000 1000\" xmlns=\"http:\/\/www.w3.org\/2000\/svg\"><path d=\"M696 533C708 521 713 504 713 487 713 471 708 454 696 446L400 146C388 133 375 125 354 125 338 125 325 129 313 142 300 154 292 171 292 187 292 204 296 221 308 233L563 492 304 771C292 783 288 800 288 817 288 833 296 850 308 863 321 871 338 875 354 875 371 875 388 867 400 854L696 533Z\"><\/path><\/svg>\t\t\t\t\t\t<\/div>\n\t\t\t\t\t\t\t\t\t\t\t\t\t\t\t\t\t<\/div>\n\t\t\t\t\t\t\t\t<\/div>\n\t\t\t\t\t<\/div>\n\t\t<\/div>\n\t\t\t\t\t<\/div>\n\t\t<\/section>\n\t\t\t\t<section class=\"elementor-section elementor-top-section elementor-element elementor-element-af33935 elementor-section-height-min-height animated-fast elementor-section-boxed elementor-section-height-default elementor-section-items-middle elementor-invisible\" data-id=\"af33935\" data-element_type=\"section\" data-e-type=\"section\" data-settings=\"{&quot;background_background&quot;:&quot;classic&quot;,&quot;animation&quot;:&quot;fadeIn&quot;}\">\n\t\t\t\t\t\t\t<div class=\"elementor-background-overlay\"><\/div>\n\t\t\t\t\t\t\t<div class=\"elementor-container elementor-column-gap-default\">\n\t\t\t\t\t<div class=\"elementor-column elementor-col-50 elementor-top-column elementor-element elementor-element-2df7cd9f\" data-id=\"2df7cd9f\" data-element_type=\"column\" data-e-type=\"column\">\n\t\t\t<div class=\"elementor-widget-wrap elementor-element-populated\">\n\t\t\t\t\t\t<div class=\"elementor-element elementor-element-38c23c53 elementor-widget elementor-widget-heading\" data-id=\"38c23c53\" data-element_type=\"widget\" data-e-type=\"widget\" data-widget_type=\"heading.default\">\n\t\t\t\t\t<h3 class=\"elementor-heading-title elementor-size-default\"><a href=\"https:\/\/brasil.aperam.com\/acoverde\/\" target=\"_blank\">Venha percorrer o caminho do<\/a><\/h3>\t\t\t\t<\/div>\n\t\t\t\t<div class=\"elementor-element elementor-element-47f7576b elementor-widget elementor-widget-heading\" data-id=\"47f7576b\" data-element_type=\"widget\" data-e-type=\"widget\" data-widget_type=\"heading.default\">\n\t\t\t\t\t<h3 class=\"elementor-heading-title elementor-size-default\"><a href=\"https:\/\/brasil.aperam.com\/acoverde\/\" target=\"_blank\">A\u00e7o Verde Aperam<\/a><\/h3>\t\t\t\t<\/div>\n\t\t\t\t<div class=\"elementor-element elementor-element-b7bb619 elementor-widget elementor-widget-heading\" data-id=\"b7bb619\" data-element_type=\"widget\" data-e-type=\"widget\" data-widget_type=\"heading.default\">\n\t\t\t\t\t<h3 class=\"elementor-heading-title elementor-size-default\"><a href=\"https:\/\/brasil.aperam.com\/acoverde\/\" target=\"_blank\">Durante essa jornada, voc\u00ea ver\u00e1 como natureza,<br> culin\u00e1ria e a\u00e7o inox t\u00eam tudo a ver!<\/a><\/h3>\t\t\t\t<\/div>\n\t\t\t\t\t<\/div>\n\t\t<\/div>\n\t\t\t\t<div class=\"elementor-column elementor-col-50 elementor-top-column elementor-element elementor-element-7b523ce8\" data-id=\"7b523ce8\" data-element_type=\"column\" data-e-type=\"column\">\n\t\t\t<div class=\"elementor-widget-wrap elementor-element-populated\">\n\t\t\t\t\t\t<div class=\"elementor-element elementor-element-1b30f49c elementor-widget elementor-widget-image\" data-id=\"1b30f49c\" data-element_type=\"widget\" data-e-type=\"widget\" data-widget_type=\"image.default\">\n\t\t\t\t\t\t\t\t\t\t\t\t\t\t\t\t<a href=\"https:\/\/brasil.aperam.com\/acoverde\/\" target=\"_blank\">\n\t\t\t\t\t\t\t<img fetchpriority=\"high\" decoding=\"async\" width=\"400\" height=\"151\" src=\"https:\/\/aperambioenergia.com.br\/wp-content\/uploads\/2020\/09\/call-aco-verde-4a.png\" class=\"elementor-animation-grow attachment-medium size-medium wp-image-21922\" alt=\"\" \/>\t\t\t\t\t\t\t\t<\/a>\n\t\t\t\t\t\t\t\t\t\t\t\t\t\t\t<\/div>\n\t\t\t\t\t<\/div>\n\t\t<\/div>\n\t\t\t\t\t<\/div>\n\t\t<\/section>\n\t\t\t\t<section class=\"elementor-section elementor-top-section elementor-element elementor-element-7b26bf1 elementor-section-boxed elementor-section-height-default elementor-section-height-default elementor-invisible\" data-id=\"7b26bf1\" data-element_type=\"section\" data-e-type=\"section\" data-settings=\"{&quot;animation&quot;:&quot;fadeIn&quot;}\">\n\t\t\t\t\t\t<div class=\"elementor-container elementor-column-gap-default\">\n\t\t\t\t\t<div class=\"elementor-column elementor-col-33 elementor-top-column elementor-element elementor-element-d27847\" data-id=\"d27847\" data-element_type=\"column\" data-e-type=\"column\">\n\t\t\t<div class=\"elementor-widget-wrap elementor-element-populated\">\n\t\t\t\t\t\t<div class=\"elementor-element elementor-element-1c33d9ed elementor-cta--skin-cover elementor-cta--valign-bottom elementor-bg-transform elementor-bg-transform-zoom-in elementor-widget elementor-widget-call-to-action\" data-id=\"1c33d9ed\" data-element_type=\"widget\" data-e-type=\"widget\" data-widget_type=\"call-to-action.default\">\n\t\t\t\t\t\t\t<a class=\"elementor-cta\" href=\"https:\/\/aperambioenergia.com.br\/sustentabilidade\/responsabilidadesocial\/programas-e-projetos\/projeto-de-alcas-a-reciclagem\/\">\n\t\t\t\t\t<div class=\"elementor-cta__bg-wrapper\">\n\t\t\t\t<div class=\"elementor-cta__bg elementor-bg\" style=\"background-image: url(https:\/\/aperambioenergia.com.br\/wp-content\/uploads\/2021\/03\/Banner-De-alcas-a-reciclagem.jpg);\" role=\"img\" aria-label=\"Banner D\u00ea al\u00e7as \u00e0 reciclagem\"><\/div>\n\t\t\t\t<div class=\"elementor-cta__bg-overlay\"><\/div>\n\t\t\t<\/div>\n\t\t\t\t\t\t\t<div class=\"elementor-cta__content\">\n\t\t\t\t\n\t\t\t\t\t\t\t\t\t<h3 class=\"elementor-cta__title elementor-cta__content-item elementor-content-item\">\n\t\t\t\t\t\t.\t\t\t\t\t<\/h3>\n\t\t\t\t\n\t\t\t\t\n\t\t\t\t\t\t\t<\/div>\n\t\t\t\t\t\t<\/a>\n\t\t\t\t\t\t<\/div>\n\t\t\t\t\t<\/div>\n\t\t<\/div>\n\t\t\t\t<div class=\"elementor-column elementor-col-33 elementor-top-column elementor-element elementor-element-e789519\" data-id=\"e789519\" data-element_type=\"column\" data-e-type=\"column\">\n\t\t\t<div class=\"elementor-widget-wrap elementor-element-populated\">\n\t\t\t\t\t\t<div class=\"elementor-element elementor-element-527c2705 elementor-cta--skin-cover elementor-cta--valign-bottom elementor-bg-transform elementor-bg-transform-zoom-in elementor-widget elementor-widget-call-to-action\" data-id=\"527c2705\" data-element_type=\"widget\" data-e-type=\"widget\" data-widget_type=\"call-to-action.default\">\n\t\t\t\t\t\t\t<a class=\"elementor-cta\" href=\"https:\/\/aperambioenergia.com.br\/porque-so-a-aperam-tem-o-aco-verde\/\" target=\"_blank\">\n\t\t\t\t\t<div class=\"elementor-cta__bg-wrapper\">\n\t\t\t\t<div class=\"elementor-cta__bg elementor-bg\" style=\"background-image: url(https:\/\/aperambioenergia.com.br\/wp-content\/uploads\/2018\/07\/A\u00e7o-Verde-02-01-462x245.png);\" role=\"img\" aria-label=\"A\u00e7o Verde-02-01\"><\/div>\n\t\t\t\t<div class=\"elementor-cta__bg-overlay\"><\/div>\n\t\t\t<\/div>\n\t\t\t\t\t\t\t<div class=\"elementor-cta__content\">\n\t\t\t\t\n\t\t\t\t\t\t\t\t\t<h3 class=\"elementor-cta__title elementor-cta__content-item elementor-content-item\">\n\t\t\t\t\t\tA\u00e7o Verde Aperam\t\t\t\t\t<\/h3>\n\t\t\t\t\n\t\t\t\t\n\t\t\t\t\t\t\t<\/div>\n\t\t\t\t\t\t<\/a>\n\t\t\t\t\t\t<\/div>\n\t\t\t\t\t<\/div>\n\t\t<\/div>\n\t\t\t\t<div class=\"elementor-column elementor-col-33 elementor-top-column elementor-element elementor-element-72f6dd29\" data-id=\"72f6dd29\" data-element_type=\"column\" data-e-type=\"column\">\n\t\t\t<div class=\"elementor-widget-wrap elementor-element-populated\">\n\t\t\t\t\t\t<div class=\"elementor-element elementor-element-628cdd03 elementor-cta--skin-cover elementor-cta--valign-bottom elementor-bg-transform elementor-bg-transform-zoom-in elementor-widget elementor-widget-call-to-action\" data-id=\"628cdd03\" data-element_type=\"widget\" data-e-type=\"widget\" data-widget_type=\"call-to-action.default\">\n\t\t\t\t\t\t\t<a class=\"elementor-cta\" href=\"https:\/\/aperambioenergia.com.br\/comunicacao\/informativos\/conexao-bioenergia\/\">\n\t\t\t\t\t<div class=\"elementor-cta__bg-wrapper\">\n\t\t\t\t<div class=\"elementor-cta__bg elementor-bg\" style=\"background-image: url(https:\/\/aperambioenergia.com.br\/wp-content\/uploads\/2020\/09\/banner-conexao.jpg);\" role=\"img\" aria-label=\"banner conex\u00e3o\"><\/div>\n\t\t\t\t<div class=\"elementor-cta__bg-overlay\"><\/div>\n\t\t\t<\/div>\n\t\t\t\t\t\t\t<div class=\"elementor-cta__content\">\n\t\t\t\t\n\t\t\t\t\n\t\t\t\t\t\t\t\t\t<div class=\"elementor-cta__description elementor-cta__content-item elementor-content-item\">\n\t\t\t\t\t\t<p>.<\/p>\n\t\t\t\t\t<\/div>\n\t\t\t\t\n\t\t\t\t\t\t\t<\/div>\n\t\t\t\t\t\t<\/a>\n\t\t\t\t\t\t<\/div>\n\t\t\t\t\t<\/div>\n\t\t<\/div>\n\t\t\t\t\t<\/div>\n\t\t<\/section>\n\t\t<div class=\"elementor-element elementor-element-efef218 e-flex e-con-boxed elementor-invisible e-con e-parent\" data-id=\"efef218\" data-element_type=\"container\" data-e-type=\"container\" data-settings=\"{&quot;animation&quot;:&quot;fadeIn&quot;}\">\n\t\t\t\t\t<div class=\"e-con-inner\">\n\t\t\t\t<div class=\"elementor-element elementor-element-a20a98c elementor-widget elementor-widget-heading\" data-id=\"a20a98c\" data-element_type=\"widget\" data-e-type=\"widget\" data-widget_type=\"heading.default\">\n\t\t\t\t\t<h4 class=\"elementor-heading-title elementor-size-default\"><a href=\"https:\/\/aperambioenergia.com.br\/en\/news\/\">\u00daltimas Not\u00edcias<\/a><\/h4>\t\t\t\t<\/div>\n\t\t\t\t<div class=\"elementor-element elementor-element-a042094 elementor-widget elementor-widget-heading\" data-id=\"a042094\" data-element_type=\"widget\" data-e-type=\"widget\" data-widget_type=\"heading.default\">\n\t\t\t\t\t<div class=\"elementor-heading-title elementor-size-default\"><a href=\"https:\/\/aperambioenergia.com.br\/en\/news\/\">Ver todas &gt;<\/a><\/div>\t\t\t\t<\/div>\n\t\t\t\t\t<\/div>\n\t\t\t\t<\/div>\n\t\t\t\t<\/div>\n\t\t","protected":false},"excerpt":{"rendered":"<p>Venha percorrer o caminho do A\u00e7o Verde Aperam Durante essa jornada, voc\u00ea ver\u00e1 como natureza, culin\u00e1ria e a\u00e7o inox t\u00eam tudo a ver! . A\u00e7o Verde Aperam . \u00daltimas Not\u00edcias Ver todas &gt;<\/p>\n","protected":false},"author":1,"featured_media":22490,"parent":0,"menu_order":0,"comment_status":"closed","ping_status":"closed","template":"elementor_header_footer","meta":{"footnotes":""},"destaque_home":[],"class_list":["post-21745","page","type-page","status-publish","has-post-thumbnail","hentry"],"yoast_head":"<!-- This site is optimized with the Yoast SEO plugin v27.4 - https:\/\/yoast.com\/product\/yoast-seo-wordpress\/ -->\n<title>Aperam BioEnergia<\/title>\n<meta name=\"robots\" content=\"index, follow, max-snippet:-1, max-image-preview:large, max-video-preview:-1\" \/>\n<link rel=\"canonical\" href=\"https:\/\/aperambioenergia.com.br\/\" \/>\n<meta property=\"og:locale\" content=\"en_US\" \/>\n<meta property=\"og:type\" content=\"article\" \/>\n<meta property=\"og:title\" content=\"Aperam BioEnergia\" \/>\n<meta property=\"og:description\" content=\"Venha percorrer o caminho do A\u00e7o Verde Aperam Durante essa jornada, voc\u00ea ver\u00e1 como natureza, culin\u00e1ria e a\u00e7o inox t\u00eam tudo a ver! . A\u00e7o Verde Aperam . \u00daltimas Not\u00edcias Ver todas &gt;\" \/>\n<meta property=\"og:url\" content=\"https:\/\/aperambioenergia.com.br\/\" \/>\n<meta property=\"og:site_name\" content=\"Aperam BioEnergia\" \/>\n<meta property=\"article:modified_time\" content=\"2026-03-24T17:53:27+00:00\" \/>\n<meta property=\"og:image\" content=\"https:\/\/aperambioenergia.com.br\/wp-content\/uploads\/2021\/06\/copia_de_aperam_bioenergia_-_florestas_renovaveis_de_eucalipto_1_4-scaled-1.jpg\" \/>\n\t<meta property=\"og:image:width\" content=\"2560\" \/>\n\t<meta property=\"og:image:height\" content=\"1707\" \/>\n\t<meta property=\"og:image:type\" content=\"image\/jpeg\" \/>\n<script type=\"application\/ld+json\" class=\"yoast-schema-graph\">{\"@context\":\"https:\\\/\\\/schema.org\",\"@graph\":[{\"@type\":\"WebPage\",\"@id\":\"https:\\\/\\\/aperambioenergia.com.br\\\/\",\"url\":\"https:\\\/\\\/aperambioenergia.com.br\\\/\",\"name\":\"Aperam BioEnergia\",\"isPartOf\":{\"@id\":\"https:\\\/\\\/aperambioenergia.com.br\\\/#website\"},\"primaryImageOfPage\":{\"@id\":\"https:\\\/\\\/aperambioenergia.com.br\\\/#primaryimage\"},\"image\":{\"@id\":\"https:\\\/\\\/aperambioenergia.com.br\\\/#primaryimage\"},\"thumbnailUrl\":\"https:\\\/\\\/aperambioenergia.com.br\\\/wp-content\\\/uploads\\\/2021\\\/06\\\/copia_de_aperam_bioenergia_-_florestas_renovaveis_de_eucalipto_1_4-scaled-1.jpg\",\"datePublished\":\"2021-06-28T03:00:16+00:00\",\"dateModified\":\"2026-03-24T17:53:27+00:00\",\"breadcrumb\":{\"@id\":\"https:\\\/\\\/aperambioenergia.com.br\\\/#breadcrumb\"},\"inLanguage\":\"en-US\",\"potentialAction\":[{\"@type\":\"ReadAction\",\"target\":[\"https:\\\/\\\/aperambioenergia.com.br\\\/\"]}]},{\"@type\":\"ImageObject\",\"inLanguage\":\"en-US\",\"@id\":\"https:\\\/\\\/aperambioenergia.com.br\\\/#primaryimage\",\"url\":\"https:\\\/\\\/aperambioenergia.com.br\\\/wp-content\\\/uploads\\\/2021\\\/06\\\/copia_de_aperam_bioenergia_-_florestas_renovaveis_de_eucalipto_1_4-scaled-1.jpg\",\"contentUrl\":\"https:\\\/\\\/aperambioenergia.com.br\\\/wp-content\\\/uploads\\\/2021\\\/06\\\/copia_de_aperam_bioenergia_-_florestas_renovaveis_de_eucalipto_1_4-scaled-1.jpg\",\"width\":2560,\"height\":1707},{\"@type\":\"BreadcrumbList\",\"@id\":\"https:\\\/\\\/aperambioenergia.com.br\\\/#breadcrumb\",\"itemListElement\":[{\"@type\":\"ListItem\",\"position\":1,\"name\":\"In\u00edcio\",\"item\":\"https:\\\/\\\/aperambioenergia.com.br\\\/\"},{\"@type\":\"ListItem\",\"position\":2,\"name\":\"Home\"}]},{\"@type\":\"WebSite\",\"@id\":\"https:\\\/\\\/aperambioenergia.com.br\\\/#website\",\"url\":\"https:\\\/\\\/aperambioenergia.com.br\\\/\",\"name\":\"Aperam BioEnergia\",\"description\":\"\",\"publisher\":{\"@id\":\"https:\\\/\\\/aperambioenergia.com.br\\\/#organization\"},\"potentialAction\":[{\"@type\":\"SearchAction\",\"target\":{\"@type\":\"EntryPoint\",\"urlTemplate\":\"https:\\\/\\\/aperambioenergia.com.br\\\/?s={search_term_string}\"},\"query-input\":{\"@type\":\"PropertyValueSpecification\",\"valueRequired\":true,\"valueName\":\"search_term_string\"}}],\"inLanguage\":\"en-US\"},{\"@type\":\"Organization\",\"@id\":\"https:\\\/\\\/aperambioenergia.com.br\\\/#organization\",\"name\":\"Aperam BioEnergia\",\"url\":\"https:\\\/\\\/aperambioenergia.com.br\\\/\",\"logo\":{\"@type\":\"ImageObject\",\"inLanguage\":\"en-US\",\"@id\":\"https:\\\/\\\/aperambioenergia.com.br\\\/#\\\/schema\\\/logo\\\/image\\\/\",\"url\":\"https:\\\/\\\/aperambioenergia.com.br\\\/wp-content\\\/uploads\\\/2016\\\/07\\\/logo-288x216.jpg\",\"contentUrl\":\"https:\\\/\\\/aperambioenergia.com.br\\\/wp-content\\\/uploads\\\/2016\\\/07\\\/logo-288x216.jpg\",\"width\":288,\"height\":216,\"caption\":\"Aperam BioEnergia\"},\"image\":{\"@id\":\"https:\\\/\\\/aperambioenergia.com.br\\\/#\\\/schema\\\/logo\\\/image\\\/\"}}]}<\/script>\n<!-- \/ Yoast SEO plugin. -->","yoast_head_json":{"title":"Aperam BioEnergia","robots":{"index":"index","follow":"follow","max-snippet":"max-snippet:-1","max-image-preview":"max-image-preview:large","max-video-preview":"max-video-preview:-1"},"canonical":"https:\/\/aperambioenergia.com.br\/","og_locale":"en_US","og_type":"article","og_title":"Aperam BioEnergia","og_description":"Venha percorrer o caminho do A\u00e7o Verde Aperam Durante essa jornada, voc\u00ea ver\u00e1 como natureza, culin\u00e1ria e a\u00e7o inox t\u00eam tudo a ver! . A\u00e7o Verde Aperam . \u00daltimas Not\u00edcias Ver todas &gt;","og_url":"https:\/\/aperambioenergia.com.br\/","og_site_name":"Aperam BioEnergia","article_modified_time":"2026-03-24T17:53:27+00:00","og_image":[{"width":2560,"height":1707,"url":"https:\/\/aperambioenergia.com.br\/wp-content\/uploads\/2021\/06\/copia_de_aperam_bioenergia_-_florestas_renovaveis_de_eucalipto_1_4-scaled-1.jpg","type":"image\/jpeg"}],"schema":{"@context":"https:\/\/schema.org","@graph":[{"@type":"WebPage","@id":"https:\/\/aperambioenergia.com.br\/","url":"https:\/\/aperambioenergia.com.br\/","name":"Aperam BioEnergia","isPartOf":{"@id":"https:\/\/aperambioenergia.com.br\/#website"},"primaryImageOfPage":{"@id":"https:\/\/aperambioenergia.com.br\/#primaryimage"},"image":{"@id":"https:\/\/aperambioenergia.com.br\/#primaryimage"},"thumbnailUrl":"https:\/\/aperambioenergia.com.br\/wp-content\/uploads\/2021\/06\/copia_de_aperam_bioenergia_-_florestas_renovaveis_de_eucalipto_1_4-scaled-1.jpg","datePublished":"2021-06-28T03:00:16+00:00","dateModified":"2026-03-24T17:53:27+00:00","breadcrumb":{"@id":"https:\/\/aperambioenergia.com.br\/#breadcrumb"},"inLanguage":"en-US","potentialAction":[{"@type":"ReadAction","target":["https:\/\/aperambioenergia.com.br\/"]}]},{"@type":"ImageObject","inLanguage":"en-US","@id":"https:\/\/aperambioenergia.com.br\/#primaryimage","url":"https:\/\/aperambioenergia.com.br\/wp-content\/uploads\/2021\/06\/copia_de_aperam_bioenergia_-_florestas_renovaveis_de_eucalipto_1_4-scaled-1.jpg","contentUrl":"https:\/\/aperambioenergia.com.br\/wp-content\/uploads\/2021\/06\/copia_de_aperam_bioenergia_-_florestas_renovaveis_de_eucalipto_1_4-scaled-1.jpg","width":2560,"height":1707},{"@type":"BreadcrumbList","@id":"https:\/\/aperambioenergia.com.br\/#breadcrumb","itemListElement":[{"@type":"ListItem","position":1,"name":"In\u00edcio","item":"https:\/\/aperambioenergia.com.br\/"},{"@type":"ListItem","position":2,"name":"Home"}]},{"@type":"WebSite","@id":"https:\/\/aperambioenergia.com.br\/#website","url":"https:\/\/aperambioenergia.com.br\/","name":"Aperam BioEnergia","description":"","publisher":{"@id":"https:\/\/aperambioenergia.com.br\/#organization"},"potentialAction":[{"@type":"SearchAction","target":{"@type":"EntryPoint","urlTemplate":"https:\/\/aperambioenergia.com.br\/?s={search_term_string}"},"query-input":{"@type":"PropertyValueSpecification","valueRequired":true,"valueName":"search_term_string"}}],"inLanguage":"en-US"},{"@type":"Organization","@id":"https:\/\/aperambioenergia.com.br\/#organization","name":"Aperam BioEnergia","url":"https:\/\/aperambioenergia.com.br\/","logo":{"@type":"ImageObject","inLanguage":"en-US","@id":"https:\/\/aperambioenergia.com.br\/#\/schema\/logo\/image\/","url":"https:\/\/aperambioenergia.com.br\/wp-content\/uploads\/2016\/07\/logo-288x216.jpg","contentUrl":"https:\/\/aperambioenergia.com.br\/wp-content\/uploads\/2016\/07\/logo-288x216.jpg","width":288,"height":216,"caption":"Aperam BioEnergia"},"image":{"@id":"https:\/\/aperambioenergia.com.br\/#\/schema\/logo\/image\/"}}]}},"_links":{"self":[{"href":"https:\/\/aperambioenergia.com.br\/en\/wp-json\/wp\/v2\/pages\/21745","targetHints":{"allow":["GET"]}}],"collection":[{"href":"https:\/\/aperambioenergia.com.br\/en\/wp-json\/wp\/v2\/pages"}],"about":[{"href":"https:\/\/aperambioenergia.com.br\/en\/wp-json\/wp\/v2\/types\/page"}],"author":[{"embeddable":true,"href":"https:\/\/aperambioenergia.com.br\/en\/wp-json\/wp\/v2\/users\/1"}],"replies":[{"embeddable":true,"href":"https:\/\/aperambioenergia.com.br\/en\/wp-json\/wp\/v2\/comments?post=21745"}],"version-history":[{"count":93,"href":"https:\/\/aperambioenergia.com.br\/en\/wp-json\/wp\/v2\/pages\/21745\/revisions"}],"predecessor-version":[{"id":30611,"href":"https:\/\/aperambioenergia.com.br\/en\/wp-json\/wp\/v2\/pages\/21745\/revisions\/30611"}],"wp:featuredmedia":[{"embeddable":true,"href":"https:\/\/aperambioenergia.com.br\/en\/wp-json\/wp\/v2\/media\/22490"}],"wp:attachment":[{"href":"https:\/\/aperambioenergia.com.br\/en\/wp-json\/wp\/v2\/media?parent=21745"}],"wp:term":[{"taxonomy":"destaque_home","embeddable":true,"href":"https:\/\/aperambioenergia.com.br\/en\/wp-json\/wp\/v2\/destaque_home?post=21745"}],"curies":[{"name":"wp","href":"https:\/\/api.w.org\/{rel}","templated":true}]}}