  {"id":13531,"date":"2016-07-15T11:08:24","date_gmt":"2016-07-15T14:08:24","guid":{"rendered":"http:\/\/nortepro.com\/aperambioenergia.com.br\/en\/social-responsibility\/social-actions\/"},"modified":"2016-07-18T11:42:54","modified_gmt":"2016-07-18T14:42:54","slug":"social-actions","status":"publish","type":"page","link":"https:\/\/aperambioenergia.com.br\/en\/sustainability\/social-responsibility\/social-actions\/","title":{"rendered":"Social Actions"},"content":{"rendered":"<p align=\"justify\"><img fetchpriority=\"high\" decoding=\"async\" class=\"alignright  wp-image-12960\" src=\"https:\/\/aperambioenergia.com.br\/wp-content\/uploads\/2016\/06\/6852_-Relat\u00f3rio-2014-_-Bioenergia-_-Educa\u00e7\u00e3o-_-Minas-Presente-na-Escola-399x600.jpg\" alt=\"6852_ Relat\u00f3rio 2014 _ Bioenergia  _ Educa\u00e7\u00e3o _ Minas Presente na Escola\" width=\"316\" height=\"475\" srcset=\"https:\/\/aperambioenergia.com.br\/wp-content\/uploads\/2016\/06\/6852_-Relat\u00f3rio-2014-_-Bioenergia-_-Educa\u00e7\u00e3o-_-Minas-Presente-na-Escola-399x600.jpg 399w, https:\/\/aperambioenergia.com.br\/wp-content\/uploads\/2016\/06\/6852_-Relat\u00f3rio-2014-_-Bioenergia-_-Educa\u00e7\u00e3o-_-Minas-Presente-na-Escola-768x1156.jpg 768w, https:\/\/aperambioenergia.com.br\/wp-content\/uploads\/2016\/06\/6852_-Relat\u00f3rio-2014-_-Bioenergia-_-Educa\u00e7\u00e3o-_-Minas-Presente-na-Escola-680x1024.jpg 680w\" sizes=\"(max-width: 316px) 100vw, 316px\" \/>Adopting socially responsible actions towards resource usage and relationships with the community. This is the motto that drives the Aperam <span style=\"color: #222222;\">BioEnergia\u00a0<\/span>policy, which is constantly developed and reformulated based on a respectful and open-to-dialog relationship with the communities in which it operates. The main instrument used in this process is the Participatory Diagnosis, a methodology which stimulates social groups to reflect on the factors that leverage or limit their development.<\/p>\n<p align=\"justify\">This work results on detailed and accurate assessments that are used in order to maintain the balance between economic, environmental and social development. The Participatory Diagnosis originates social indexes which subsidize the formulation of measures that are capable of adding value to the communities near Aperam <span style=\"color: #222222;\">BioEnergia<\/span>.<\/p>\n<div align=\"justify\">Cultural and socioeconomic development programs are held at these locations, either by the Funda\u00e7\u00e3o Aperam Acesita or under its methodological orientation. They are planned in order to foment income generation and improve public education and cultural propagation.<\/div>\n","protected":false},"excerpt":{"rendered":"<p>Adopting socially responsible actions towards resource usage and relationships with the community. This is the motto that drives the Aperam BioEnergia\u00a0policy, which is constantly developed and reformulated based on a respectful and open-to-dialog relationship with the communities in which it operates. The main instrument used in this process is the Participatory Diagnosis, a methodology which [&hellip;]<\/p>\n","protected":false},"author":1,"featured_media":0,"parent":13357,"menu_order":4,"comment_status":"closed","ping_status":"closed","template":"","meta":{"footnotes":""},"destaque_home":[],"class_list":["post-13531","page","type-page","status-publish","hentry"],"yoast_head":"<!-- This site is optimized with the Yoast SEO plugin v27.3 - https:\/\/yoast.com\/product\/yoast-seo-wordpress\/ -->\n<title>Social Actions - Aperam BioEnergia<\/title>\n<meta name=\"robots\" content=\"index, follow, max-snippet:-1, max-image-preview:large, max-video-preview:-1\" \/>\n<link rel=\"canonical\" href=\"https:\/\/aperambioenergia.com.br\/en\/sustainability\/social-responsibility\/social-actions\/\" \/>\n<meta property=\"og:locale\" content=\"en_US\" \/>\n<meta property=\"og:type\" content=\"article\" \/>\n<meta property=\"og:title\" content=\"Social Actions - Aperam BioEnergia\" \/>\n<meta property=\"og:description\" content=\"Adopting socially responsible actions towards resource usage and relationships with the community. This is the motto that drives the Aperam BioEnergia\u00a0policy, which is constantly developed and reformulated based on a respectful and open-to-dialog relationship with the communities in which it operates. The main instrument used in this process is the Participatory Diagnosis, a methodology which [&hellip;]\" \/>\n<meta property=\"og:url\" content=\"https:\/\/aperambioenergia.com.br\/en\/sustainability\/social-responsibility\/social-actions\/\" \/>\n<meta property=\"og:site_name\" content=\"Aperam BioEnergia\" \/>\n<meta property=\"article:modified_time\" content=\"2016-07-18T14:42:54+00:00\" \/>\n<script type=\"application\/ld+json\" class=\"yoast-schema-graph\">{\"@context\":\"https:\\\/\\\/schema.org\",\"@graph\":[{\"@type\":\"WebPage\",\"@id\":\"https:\\\/\\\/aperambioenergia.com.br\\\/en\\\/sustainability\\\/social-responsibility\\\/social-actions\\\/\",\"url\":\"https:\\\/\\\/aperambioenergia.com.br\\\/en\\\/sustainability\\\/social-responsibility\\\/social-actions\\\/\",\"name\":\"Social Actions - Aperam BioEnergia\",\"isPartOf\":{\"@id\":\"https:\\\/\\\/aperambioenergia.com.br\\\/#website\"},\"datePublished\":\"2016-07-15T14:08:24+00:00\",\"dateModified\":\"2016-07-18T14:42:54+00:00\",\"breadcrumb\":{\"@id\":\"https:\\\/\\\/aperambioenergia.com.br\\\/en\\\/sustainability\\\/social-responsibility\\\/social-actions\\\/#breadcrumb\"},\"inLanguage\":\"en-US\",\"potentialAction\":[{\"@type\":\"ReadAction\",\"target\":[\"https:\\\/\\\/aperambioenergia.com.br\\\/en\\\/sustainability\\\/social-responsibility\\\/social-actions\\\/\"]}]},{\"@type\":\"BreadcrumbList\",\"@id\":\"https:\\\/\\\/aperambioenergia.com.br\\\/en\\\/sustainability\\\/social-responsibility\\\/social-actions\\\/#breadcrumb\",\"itemListElement\":[{\"@type\":\"ListItem\",\"position\":1,\"name\":\"In\u00edcio\",\"item\":\"https:\\\/\\\/aperambioenergia.com.br\\\/\"},{\"@type\":\"ListItem\",\"position\":2,\"name\":\"Sustainability\",\"item\":\"https:\\\/\\\/aperambioenergia.com.br\\\/en\\\/sustainability\\\/\"},{\"@type\":\"ListItem\",\"position\":3,\"name\":\"Social Responsibility\",\"item\":\"https:\\\/\\\/aperambioenergia.com.br\\\/en\\\/sustainability\\\/social-responsibility\\\/\"},{\"@type\":\"ListItem\",\"position\":4,\"name\":\"Social Actions\"}]},{\"@type\":\"WebSite\",\"@id\":\"https:\\\/\\\/aperambioenergia.com.br\\\/#website\",\"url\":\"https:\\\/\\\/aperambioenergia.com.br\\\/\",\"name\":\"Aperam BioEnergia\",\"description\":\"\",\"publisher\":{\"@id\":\"https:\\\/\\\/aperambioenergia.com.br\\\/#organization\"},\"potentialAction\":[{\"@type\":\"SearchAction\",\"target\":{\"@type\":\"EntryPoint\",\"urlTemplate\":\"https:\\\/\\\/aperambioenergia.com.br\\\/?s={search_term_string}\"},\"query-input\":{\"@type\":\"PropertyValueSpecification\",\"valueRequired\":true,\"valueName\":\"search_term_string\"}}],\"inLanguage\":\"en-US\"},{\"@type\":\"Organization\",\"@id\":\"https:\\\/\\\/aperambioenergia.com.br\\\/#organization\",\"name\":\"Aperam BioEnergia\",\"url\":\"https:\\\/\\\/aperambioenergia.com.br\\\/\",\"logo\":{\"@type\":\"ImageObject\",\"inLanguage\":\"en-US\",\"@id\":\"https:\\\/\\\/aperambioenergia.com.br\\\/#\\\/schema\\\/logo\\\/image\\\/\",\"url\":\"https:\\\/\\\/aperambioenergia.com.br\\\/wp-content\\\/uploads\\\/2016\\\/07\\\/logo-288x216.jpg\",\"contentUrl\":\"https:\\\/\\\/aperambioenergia.com.br\\\/wp-content\\\/uploads\\\/2016\\\/07\\\/logo-288x216.jpg\",\"width\":288,\"height\":216,\"caption\":\"Aperam BioEnergia\"},\"image\":{\"@id\":\"https:\\\/\\\/aperambioenergia.com.br\\\/#\\\/schema\\\/logo\\\/image\\\/\"}}]}<\/script>\n<!-- \/ Yoast SEO plugin. -->","yoast_head_json":{"title":"Social Actions - Aperam BioEnergia","robots":{"index":"index","follow":"follow","max-snippet":"max-snippet:-1","max-image-preview":"max-image-preview:large","max-video-preview":"max-video-preview:-1"},"canonical":"https:\/\/aperambioenergia.com.br\/en\/sustainability\/social-responsibility\/social-actions\/","og_locale":"en_US","og_type":"article","og_title":"Social Actions - Aperam BioEnergia","og_description":"Adopting socially responsible actions towards resource usage and relationships with the community. This is the motto that drives the Aperam BioEnergia\u00a0policy, which is constantly developed and reformulated based on a respectful and open-to-dialog relationship with the communities in which it operates. The main instrument used in this process is the Participatory Diagnosis, a methodology which [&hellip;]","og_url":"https:\/\/aperambioenergia.com.br\/en\/sustainability\/social-responsibility\/social-actions\/","og_site_name":"Aperam BioEnergia","article_modified_time":"2016-07-18T14:42:54+00:00","schema":{"@context":"https:\/\/schema.org","@graph":[{"@type":"WebPage","@id":"https:\/\/aperambioenergia.com.br\/en\/sustainability\/social-responsibility\/social-actions\/","url":"https:\/\/aperambioenergia.com.br\/en\/sustainability\/social-responsibility\/social-actions\/","name":"Social Actions - Aperam BioEnergia","isPartOf":{"@id":"https:\/\/aperambioenergia.com.br\/#website"},"datePublished":"2016-07-15T14:08:24+00:00","dateModified":"2016-07-18T14:42:54+00:00","breadcrumb":{"@id":"https:\/\/aperambioenergia.com.br\/en\/sustainability\/social-responsibility\/social-actions\/#breadcrumb"},"inLanguage":"en-US","potentialAction":[{"@type":"ReadAction","target":["https:\/\/aperambioenergia.com.br\/en\/sustainability\/social-responsibility\/social-actions\/"]}]},{"@type":"BreadcrumbList","@id":"https:\/\/aperambioenergia.com.br\/en\/sustainability\/social-responsibility\/social-actions\/#breadcrumb","itemListElement":[{"@type":"ListItem","position":1,"name":"In\u00edcio","item":"https:\/\/aperambioenergia.com.br\/"},{"@type":"ListItem","position":2,"name":"Sustainability","item":"https:\/\/aperambioenergia.com.br\/en\/sustainability\/"},{"@type":"ListItem","position":3,"name":"Social Responsibility","item":"https:\/\/aperambioenergia.com.br\/en\/sustainability\/social-responsibility\/"},{"@type":"ListItem","position":4,"name":"Social Actions"}]},{"@type":"WebSite","@id":"https:\/\/aperambioenergia.com.br\/#website","url":"https:\/\/aperambioenergia.com.br\/","name":"Aperam BioEnergia","description":"","publisher":{"@id":"https:\/\/aperambioenergia.com.br\/#organization"},"potentialAction":[{"@type":"SearchAction","target":{"@type":"EntryPoint","urlTemplate":"https:\/\/aperambioenergia.com.br\/?s={search_term_string}"},"query-input":{"@type":"PropertyValueSpecification","valueRequired":true,"valueName":"search_term_string"}}],"inLanguage":"en-US"},{"@type":"Organization","@id":"https:\/\/aperambioenergia.com.br\/#organization","name":"Aperam BioEnergia","url":"https:\/\/aperambioenergia.com.br\/","logo":{"@type":"ImageObject","inLanguage":"en-US","@id":"https:\/\/aperambioenergia.com.br\/#\/schema\/logo\/image\/","url":"https:\/\/aperambioenergia.com.br\/wp-content\/uploads\/2016\/07\/logo-288x216.jpg","contentUrl":"https:\/\/aperambioenergia.com.br\/wp-content\/uploads\/2016\/07\/logo-288x216.jpg","width":288,"height":216,"caption":"Aperam BioEnergia"},"image":{"@id":"https:\/\/aperambioenergia.com.br\/#\/schema\/logo\/image\/"}}]}},"_links":{"self":[{"href":"https:\/\/aperambioenergia.com.br\/en\/wp-json\/wp\/v2\/pages\/13531","targetHints":{"allow":["GET"]}}],"collection":[{"href":"https:\/\/aperambioenergia.com.br\/en\/wp-json\/wp\/v2\/pages"}],"about":[{"href":"https:\/\/aperambioenergia.com.br\/en\/wp-json\/wp\/v2\/types\/page"}],"author":[{"embeddable":true,"href":"https:\/\/aperambioenergia.com.br\/en\/wp-json\/wp\/v2\/users\/1"}],"replies":[{"embeddable":true,"href":"https:\/\/aperambioenergia.com.br\/en\/wp-json\/wp\/v2\/comments?post=13531"}],"version-history":[{"count":0,"href":"https:\/\/aperambioenergia.com.br\/en\/wp-json\/wp\/v2\/pages\/13531\/revisions"}],"up":[{"embeddable":true,"href":"https:\/\/aperambioenergia.com.br\/en\/wp-json\/wp\/v2\/pages\/13357"}],"wp:attachment":[{"href":"https:\/\/aperambioenergia.com.br\/en\/wp-json\/wp\/v2\/media?parent=13531"}],"wp:term":[{"taxonomy":"destaque_home","embeddable":true,"href":"https:\/\/aperambioenergia.com.br\/en\/wp-json\/wp\/v2\/destaque_home?post=13531"}],"curies":[{"name":"wp","href":"https:\/\/api.w.org\/{rel}","templated":true}]}}