  {"id":13465,"date":"2016-07-15T11:03:55","date_gmt":"2016-07-15T14:03:55","guid":{"rendered":"http:\/\/nortepro.com\/aperambioenergia.com.br\/en\/social-responsibility\/enviroment-and-educational-programs\/"},"modified":"2016-07-18T11:42:54","modified_gmt":"2016-07-18T14:42:54","slug":"enviroment-and-educational-programs","status":"publish","type":"page","link":"https:\/\/aperambioenergia.com.br\/en\/sustainability\/social-responsibility\/programs-and-projects\/enviroment-and-educational-programs\/","title":{"rendered":"Enviroment and Educational Programs"},"content":{"rendered":"<p><strong>Promotion of school visits from communities within company areas.<img fetchpriority=\"high\" decoding=\"async\" class=\"alignright  wp-image-12957\" src=\"https:\/\/aperambioenergia.com.br\/wp-content\/uploads\/2016\/06\/K5H6249-462x308.jpg\" alt=\"_K5H6249\" width=\"384\" height=\"256\" srcset=\"https:\/\/aperambioenergia.com.br\/wp-content\/uploads\/2016\/06\/K5H6249-462x308.jpg 462w, https:\/\/aperambioenergia.com.br\/wp-content\/uploads\/2016\/06\/K5H6249-768x512.jpg 768w, https:\/\/aperambioenergia.com.br\/wp-content\/uploads\/2016\/06\/K5H6249-944x629.jpg 944w\" sizes=\"(max-width: 384px) 100vw, 384px\" \/><\/strong><\/p>\n<p>Objective:\u00a0Propagating forest management activities, social and environmental projects implemented by the Company in the region.<\/p>\n<p>Results:<\/p>\n<p>Since 2007, more than 1,500 people, both teachers and students, have visited the company.<\/p>\n<p><strong>Projeto Capacitar \u2013 Employee educational quality improvement project<\/strong><\/p>\n<p>Objective: The objective is to assure that employees have the opportunity of finishing their high school studies and carrying on in search of their dreams.<\/p>\n<p>Results:<\/p>\n<p>170 seats for Itamarandiba and Capelinha employees;<img decoding=\"async\" class=\"alignright  wp-image-13001\" src=\"https:\/\/aperambioenergia.com.br\/wp-content\/uploads\/2016\/06\/6821_-Relat\u00f3rio-2014-_-Bioenergia-_-Educa\u00e7\u00e3o-_-Minas-Presente-na-Escola-399x600.jpg\" alt=\"6821_ Relat\u00f3rio 2014 _ Bioenergia  _ Educa\u00e7\u00e3o _ Minas Presente na Escola\" width=\"342\" height=\"514\" srcset=\"https:\/\/aperambioenergia.com.br\/wp-content\/uploads\/2016\/06\/6821_-Relat\u00f3rio-2014-_-Bioenergia-_-Educa\u00e7\u00e3o-_-Minas-Presente-na-Escola-399x600.jpg 399w, https:\/\/aperambioenergia.com.br\/wp-content\/uploads\/2016\/06\/6821_-Relat\u00f3rio-2014-_-Bioenergia-_-Educa\u00e7\u00e3o-_-Minas-Presente-na-Escola-768x1156.jpg 768w, https:\/\/aperambioenergia.com.br\/wp-content\/uploads\/2016\/06\/6821_-Relat\u00f3rio-2014-_-Bioenergia-_-Educa\u00e7\u00e3o-_-Minas-Presente-na-Escola-680x1024.jpg 680w\" sizes=\"(max-width: 342px) 100vw, 342px\" \/><\/p>\n<p>302 employee graduates<\/p>\n<p>More than 25% of student employees were promoted.<\/p>\n<p><strong>Educational quality improvement program at Minas Novas<br \/>\n<\/strong><\/p>\n<p>Objective: Improving the educational quality at municipal schools within the Minas Novas municipalities.<\/p>\n<p>Results:<\/p>\n<p>Approximately 132 training hours;<\/p>\n<p>14 training meetings by the pedagogic team;<\/p>\n<p>08 educational seminars \u2013 each with approximately 600 participants;<\/p>\n<p>09 implemented faculties;<\/p>\n<p>309 art and educational activities at the schools, total public of 72,369 participants;<\/p>\n<p>01 monthly educator training meeting.<\/p>\n","protected":false},"excerpt":{"rendered":"<p>Promotion of school visits from communities within company areas. Objective:\u00a0Propagating forest management activities, social and environmental projects implemented by the Company in the region. Results: Since 2007, more than 1,500 people, both teachers and students, have visited the company. Projeto Capacitar \u2013 Employee educational quality improvement project Objective: The objective is to assure that employees [&hellip;]<\/p>\n","protected":false},"author":1,"featured_media":0,"parent":14128,"menu_order":1,"comment_status":"closed","ping_status":"closed","template":"","meta":{"footnotes":""},"destaque_home":[],"class_list":["post-13465","page","type-page","status-publish","hentry"],"yoast_head":"<!-- This site is optimized with the Yoast SEO plugin v27.3 - https:\/\/yoast.com\/product\/yoast-seo-wordpress\/ -->\n<title>Enviroment and Educational Programs - Aperam BioEnergia<\/title>\n<meta name=\"robots\" content=\"index, follow, max-snippet:-1, max-image-preview:large, max-video-preview:-1\" \/>\n<link rel=\"canonical\" href=\"https:\/\/aperambioenergia.com.br\/en\/sustainability\/social-responsibility\/programs-and-projects\/enviroment-and-educational-programs\/\" \/>\n<meta property=\"og:locale\" content=\"en_US\" \/>\n<meta property=\"og:type\" content=\"article\" \/>\n<meta property=\"og:title\" content=\"Enviroment and Educational Programs - Aperam BioEnergia\" \/>\n<meta property=\"og:description\" content=\"Promotion of school visits from communities within company areas. Objective:\u00a0Propagating forest management activities, social and environmental projects implemented by the Company in the region. Results: Since 2007, more than 1,500 people, both teachers and students, have visited the company. Projeto Capacitar \u2013 Employee educational quality improvement project Objective: The objective is to assure that employees [&hellip;]\" \/>\n<meta property=\"og:url\" content=\"https:\/\/aperambioenergia.com.br\/en\/sustainability\/social-responsibility\/programs-and-projects\/enviroment-and-educational-programs\/\" \/>\n<meta property=\"og:site_name\" content=\"Aperam BioEnergia\" \/>\n<meta property=\"article:modified_time\" content=\"2016-07-18T14:42:54+00:00\" \/>\n<meta property=\"og:image\" content=\"https:\/\/aperambioenergia.com.br\/wp-content\/uploads\/2016\/06\/K5H6249-462x308.jpg\" \/>\n<script type=\"application\/ld+json\" class=\"yoast-schema-graph\">{\"@context\":\"https:\\\/\\\/schema.org\",\"@graph\":[{\"@type\":\"WebPage\",\"@id\":\"https:\\\/\\\/aperambioenergia.com.br\\\/en\\\/sustainability\\\/social-responsibility\\\/programs-and-projects\\\/enviroment-and-educational-programs\\\/\",\"url\":\"https:\\\/\\\/aperambioenergia.com.br\\\/en\\\/sustainability\\\/social-responsibility\\\/programs-and-projects\\\/enviroment-and-educational-programs\\\/\",\"name\":\"Enviroment and Educational Programs - Aperam BioEnergia\",\"isPartOf\":{\"@id\":\"https:\\\/\\\/aperambioenergia.com.br\\\/#website\"},\"primaryImageOfPage\":{\"@id\":\"https:\\\/\\\/aperambioenergia.com.br\\\/en\\\/sustainability\\\/social-responsibility\\\/programs-and-projects\\\/enviroment-and-educational-programs\\\/#primaryimage\"},\"image\":{\"@id\":\"https:\\\/\\\/aperambioenergia.com.br\\\/en\\\/sustainability\\\/social-responsibility\\\/programs-and-projects\\\/enviroment-and-educational-programs\\\/#primaryimage\"},\"thumbnailUrl\":\"https:\\\/\\\/aperambioenergia.com.br\\\/wp-content\\\/uploads\\\/2016\\\/06\\\/K5H6249-462x308.jpg\",\"datePublished\":\"2016-07-15T14:03:55+00:00\",\"dateModified\":\"2016-07-18T14:42:54+00:00\",\"breadcrumb\":{\"@id\":\"https:\\\/\\\/aperambioenergia.com.br\\\/en\\\/sustainability\\\/social-responsibility\\\/programs-and-projects\\\/enviroment-and-educational-programs\\\/#breadcrumb\"},\"inLanguage\":\"en-US\",\"potentialAction\":[{\"@type\":\"ReadAction\",\"target\":[\"https:\\\/\\\/aperambioenergia.com.br\\\/en\\\/sustainability\\\/social-responsibility\\\/programs-and-projects\\\/enviroment-and-educational-programs\\\/\"]}]},{\"@type\":\"ImageObject\",\"inLanguage\":\"en-US\",\"@id\":\"https:\\\/\\\/aperambioenergia.com.br\\\/en\\\/sustainability\\\/social-responsibility\\\/programs-and-projects\\\/enviroment-and-educational-programs\\\/#primaryimage\",\"url\":\"https:\\\/\\\/aperambioenergia.com.br\\\/wp-content\\\/uploads\\\/2016\\\/06\\\/K5H6249-462x308.jpg\",\"contentUrl\":\"https:\\\/\\\/aperambioenergia.com.br\\\/wp-content\\\/uploads\\\/2016\\\/06\\\/K5H6249-462x308.jpg\"},{\"@type\":\"BreadcrumbList\",\"@id\":\"https:\\\/\\\/aperambioenergia.com.br\\\/en\\\/sustainability\\\/social-responsibility\\\/programs-and-projects\\\/enviroment-and-educational-programs\\\/#breadcrumb\",\"itemListElement\":[{\"@type\":\"ListItem\",\"position\":1,\"name\":\"In\u00edcio\",\"item\":\"https:\\\/\\\/aperambioenergia.com.br\\\/\"},{\"@type\":\"ListItem\",\"position\":2,\"name\":\"Sustainability\",\"item\":\"https:\\\/\\\/aperambioenergia.com.br\\\/en\\\/sustainability\\\/\"},{\"@type\":\"ListItem\",\"position\":3,\"name\":\"Social Responsibility\",\"item\":\"https:\\\/\\\/aperambioenergia.com.br\\\/en\\\/sustainability\\\/social-responsibility\\\/\"},{\"@type\":\"ListItem\",\"position\":4,\"name\":\"Programs and Projects\",\"item\":\"https:\\\/\\\/aperambioenergia.com.br\\\/en\\\/sustainability\\\/social-responsibility\\\/programs-and-projects\\\/\"},{\"@type\":\"ListItem\",\"position\":5,\"name\":\"Enviroment and Educational Programs\"}]},{\"@type\":\"WebSite\",\"@id\":\"https:\\\/\\\/aperambioenergia.com.br\\\/#website\",\"url\":\"https:\\\/\\\/aperambioenergia.com.br\\\/\",\"name\":\"Aperam BioEnergia\",\"description\":\"\",\"publisher\":{\"@id\":\"https:\\\/\\\/aperambioenergia.com.br\\\/#organization\"},\"potentialAction\":[{\"@type\":\"SearchAction\",\"target\":{\"@type\":\"EntryPoint\",\"urlTemplate\":\"https:\\\/\\\/aperambioenergia.com.br\\\/?s={search_term_string}\"},\"query-input\":{\"@type\":\"PropertyValueSpecification\",\"valueRequired\":true,\"valueName\":\"search_term_string\"}}],\"inLanguage\":\"en-US\"},{\"@type\":\"Organization\",\"@id\":\"https:\\\/\\\/aperambioenergia.com.br\\\/#organization\",\"name\":\"Aperam BioEnergia\",\"url\":\"https:\\\/\\\/aperambioenergia.com.br\\\/\",\"logo\":{\"@type\":\"ImageObject\",\"inLanguage\":\"en-US\",\"@id\":\"https:\\\/\\\/aperambioenergia.com.br\\\/#\\\/schema\\\/logo\\\/image\\\/\",\"url\":\"https:\\\/\\\/aperambioenergia.com.br\\\/wp-content\\\/uploads\\\/2016\\\/07\\\/logo-288x216.jpg\",\"contentUrl\":\"https:\\\/\\\/aperambioenergia.com.br\\\/wp-content\\\/uploads\\\/2016\\\/07\\\/logo-288x216.jpg\",\"width\":288,\"height\":216,\"caption\":\"Aperam BioEnergia\"},\"image\":{\"@id\":\"https:\\\/\\\/aperambioenergia.com.br\\\/#\\\/schema\\\/logo\\\/image\\\/\"}}]}<\/script>\n<!-- \/ Yoast SEO plugin. -->","yoast_head_json":{"title":"Enviroment and Educational Programs - Aperam BioEnergia","robots":{"index":"index","follow":"follow","max-snippet":"max-snippet:-1","max-image-preview":"max-image-preview:large","max-video-preview":"max-video-preview:-1"},"canonical":"https:\/\/aperambioenergia.com.br\/en\/sustainability\/social-responsibility\/programs-and-projects\/enviroment-and-educational-programs\/","og_locale":"en_US","og_type":"article","og_title":"Enviroment and Educational Programs - Aperam BioEnergia","og_description":"Promotion of school visits from communities within company areas. Objective:\u00a0Propagating forest management activities, social and environmental projects implemented by the Company in the region. Results: Since 2007, more than 1,500 people, both teachers and students, have visited the company. Projeto Capacitar \u2013 Employee educational quality improvement project Objective: The objective is to assure that employees [&hellip;]","og_url":"https:\/\/aperambioenergia.com.br\/en\/sustainability\/social-responsibility\/programs-and-projects\/enviroment-and-educational-programs\/","og_site_name":"Aperam BioEnergia","article_modified_time":"2016-07-18T14:42:54+00:00","og_image":[{"url":"https:\/\/aperambioenergia.com.br\/wp-content\/uploads\/2016\/06\/K5H6249-462x308.jpg","type":"","width":"","height":""}],"schema":{"@context":"https:\/\/schema.org","@graph":[{"@type":"WebPage","@id":"https:\/\/aperambioenergia.com.br\/en\/sustainability\/social-responsibility\/programs-and-projects\/enviroment-and-educational-programs\/","url":"https:\/\/aperambioenergia.com.br\/en\/sustainability\/social-responsibility\/programs-and-projects\/enviroment-and-educational-programs\/","name":"Enviroment and Educational Programs - Aperam BioEnergia","isPartOf":{"@id":"https:\/\/aperambioenergia.com.br\/#website"},"primaryImageOfPage":{"@id":"https:\/\/aperambioenergia.com.br\/en\/sustainability\/social-responsibility\/programs-and-projects\/enviroment-and-educational-programs\/#primaryimage"},"image":{"@id":"https:\/\/aperambioenergia.com.br\/en\/sustainability\/social-responsibility\/programs-and-projects\/enviroment-and-educational-programs\/#primaryimage"},"thumbnailUrl":"https:\/\/aperambioenergia.com.br\/wp-content\/uploads\/2016\/06\/K5H6249-462x308.jpg","datePublished":"2016-07-15T14:03:55+00:00","dateModified":"2016-07-18T14:42:54+00:00","breadcrumb":{"@id":"https:\/\/aperambioenergia.com.br\/en\/sustainability\/social-responsibility\/programs-and-projects\/enviroment-and-educational-programs\/#breadcrumb"},"inLanguage":"en-US","potentialAction":[{"@type":"ReadAction","target":["https:\/\/aperambioenergia.com.br\/en\/sustainability\/social-responsibility\/programs-and-projects\/enviroment-and-educational-programs\/"]}]},{"@type":"ImageObject","inLanguage":"en-US","@id":"https:\/\/aperambioenergia.com.br\/en\/sustainability\/social-responsibility\/programs-and-projects\/enviroment-and-educational-programs\/#primaryimage","url":"https:\/\/aperambioenergia.com.br\/wp-content\/uploads\/2016\/06\/K5H6249-462x308.jpg","contentUrl":"https:\/\/aperambioenergia.com.br\/wp-content\/uploads\/2016\/06\/K5H6249-462x308.jpg"},{"@type":"BreadcrumbList","@id":"https:\/\/aperambioenergia.com.br\/en\/sustainability\/social-responsibility\/programs-and-projects\/enviroment-and-educational-programs\/#breadcrumb","itemListElement":[{"@type":"ListItem","position":1,"name":"In\u00edcio","item":"https:\/\/aperambioenergia.com.br\/"},{"@type":"ListItem","position":2,"name":"Sustainability","item":"https:\/\/aperambioenergia.com.br\/en\/sustainability\/"},{"@type":"ListItem","position":3,"name":"Social Responsibility","item":"https:\/\/aperambioenergia.com.br\/en\/sustainability\/social-responsibility\/"},{"@type":"ListItem","position":4,"name":"Programs and Projects","item":"https:\/\/aperambioenergia.com.br\/en\/sustainability\/social-responsibility\/programs-and-projects\/"},{"@type":"ListItem","position":5,"name":"Enviroment and Educational Programs"}]},{"@type":"WebSite","@id":"https:\/\/aperambioenergia.com.br\/#website","url":"https:\/\/aperambioenergia.com.br\/","name":"Aperam BioEnergia","description":"","publisher":{"@id":"https:\/\/aperambioenergia.com.br\/#organization"},"potentialAction":[{"@type":"SearchAction","target":{"@type":"EntryPoint","urlTemplate":"https:\/\/aperambioenergia.com.br\/?s={search_term_string}"},"query-input":{"@type":"PropertyValueSpecification","valueRequired":true,"valueName":"search_term_string"}}],"inLanguage":"en-US"},{"@type":"Organization","@id":"https:\/\/aperambioenergia.com.br\/#organization","name":"Aperam BioEnergia","url":"https:\/\/aperambioenergia.com.br\/","logo":{"@type":"ImageObject","inLanguage":"en-US","@id":"https:\/\/aperambioenergia.com.br\/#\/schema\/logo\/image\/","url":"https:\/\/aperambioenergia.com.br\/wp-content\/uploads\/2016\/07\/logo-288x216.jpg","contentUrl":"https:\/\/aperambioenergia.com.br\/wp-content\/uploads\/2016\/07\/logo-288x216.jpg","width":288,"height":216,"caption":"Aperam BioEnergia"},"image":{"@id":"https:\/\/aperambioenergia.com.br\/#\/schema\/logo\/image\/"}}]}},"_links":{"self":[{"href":"https:\/\/aperambioenergia.com.br\/en\/wp-json\/wp\/v2\/pages\/13465","targetHints":{"allow":["GET"]}}],"collection":[{"href":"https:\/\/aperambioenergia.com.br\/en\/wp-json\/wp\/v2\/pages"}],"about":[{"href":"https:\/\/aperambioenergia.com.br\/en\/wp-json\/wp\/v2\/types\/page"}],"author":[{"embeddable":true,"href":"https:\/\/aperambioenergia.com.br\/en\/wp-json\/wp\/v2\/users\/1"}],"replies":[{"embeddable":true,"href":"https:\/\/aperambioenergia.com.br\/en\/wp-json\/wp\/v2\/comments?post=13465"}],"version-history":[{"count":0,"href":"https:\/\/aperambioenergia.com.br\/en\/wp-json\/wp\/v2\/pages\/13465\/revisions"}],"up":[{"embeddable":true,"href":"https:\/\/aperambioenergia.com.br\/en\/wp-json\/wp\/v2\/pages\/14128"}],"wp:attachment":[{"href":"https:\/\/aperambioenergia.com.br\/en\/wp-json\/wp\/v2\/media?parent=13465"}],"wp:term":[{"taxonomy":"destaque_home","embeddable":true,"href":"https:\/\/aperambioenergia.com.br\/en\/wp-json\/wp\/v2\/destaque_home?post=13465"}],"curies":[{"name":"wp","href":"https:\/\/api.w.org\/{rel}","templated":true}]}}