  {"id":13435,"date":"2016-07-15T11:01:55","date_gmt":"2016-07-15T14:01:55","guid":{"rendered":"http:\/\/nortepro.com\/aperambioenergia.com.br\/en\/social-responsibility\/income-generation\/"},"modified":"2016-07-18T11:42:54","modified_gmt":"2016-07-18T14:42:54","slug":"income-generation","status":"publish","type":"page","link":"https:\/\/aperambioenergia.com.br\/en\/sustainability\/social-responsibility\/programs-and-projects\/income-generation\/","title":{"rendered":"Income Generation"},"content":{"rendered":"<p><strong>Strengthening Regional Handicraft<img fetchpriority=\"high\" decoding=\"async\" class=\"alignright  wp-image-12954\" src=\"https:\/\/aperambioenergia.com.br\/wp-content\/uploads\/2016\/06\/8932_-Relat\u00f3rio-2013-_-Bioenergia-_-Projetos-Sociais-_-Artesanato-_-Campo-Alegre-399x600.jpg\" alt=\"8932_ Relat\u00f3rio 2013  _ Bioenergia _ Projetos Sociais _ Artesanato _ Campo Alegre\" width=\"327\" height=\"492\" srcset=\"https:\/\/aperambioenergia.com.br\/wp-content\/uploads\/2016\/06\/8932_-Relat\u00f3rio-2013-_-Bioenergia-_-Projetos-Sociais-_-Artesanato-_-Campo-Alegre-399x600.jpg 399w, https:\/\/aperambioenergia.com.br\/wp-content\/uploads\/2016\/06\/8932_-Relat\u00f3rio-2013-_-Bioenergia-_-Projetos-Sociais-_-Artesanato-_-Campo-Alegre-768x1156.jpg 768w, https:\/\/aperambioenergia.com.br\/wp-content\/uploads\/2016\/06\/8932_-Relat\u00f3rio-2013-_-Bioenergia-_-Projetos-Sociais-_-Artesanato-_-Campo-Alegre-680x1024.jpg 680w\" sizes=\"(max-width: 327px) 100vw, 327px\" \/><\/strong><\/p>\n<p>ARTESANATO DOS VALES (VALLEY HANDICRAFT) \u2013 Recovers and strengthens handicraft in neighboring communities in order to foment handicraft commerce, supporting the activity via product marketing and artisan training. Related data:<\/p>\n<ul>\n<li>680 hours of training in management, design, packaging and fair preparation;\u00a0Exhibitions at Company offices and other units;<\/li>\n<li>Artisans participating at the Belo Horizonte National Handicraft Fair;<\/li>\n<li>06 supported communities, with a total of 174 artisans.<\/li>\n<\/ul>\n<p><strong>Projeto Apicultura: APITA \u2013 Itamarandiba<\/strong><\/p>\n<ul>\n<li>Objective: Encouraging and supporting forest usage in beekeeping initiatives, creating a work and income source for local beekeepers in a sustainable and environmentally correct approach.<\/li>\n<li>Results: Agricultural partnership contract signed with the Associa\u00e7\u00e3o Ap\u00edcola de Itamarandiba: 47 associates using Company areas, containing approximately 10 thousand beehives and an average production of 400 tons\/year; the honey produced under contract is given to employees, non-profit organizations and NGO\u2019s.<\/li>\n<\/ul>\n","protected":false},"excerpt":{"rendered":"<p>Strengthening Regional Handicraft ARTESANATO DOS VALES (VALLEY HANDICRAFT) \u2013 Recovers and strengthens handicraft in neighboring communities in order to foment handicraft commerce, supporting the activity via product marketing and artisan training. Related data: 680 hours of training in management, design, packaging and fair preparation;\u00a0Exhibitions at Company offices and other units; Artisans participating at the Belo [&hellip;]<\/p>\n","protected":false},"author":1,"featured_media":0,"parent":14128,"menu_order":3,"comment_status":"closed","ping_status":"closed","template":"","meta":{"footnotes":""},"destaque_home":[],"class_list":["post-13435","page","type-page","status-publish","hentry"],"yoast_head":"<!-- This site is optimized with the Yoast SEO plugin v27.4 - https:\/\/yoast.com\/product\/yoast-seo-wordpress\/ -->\n<title>Income Generation - Aperam BioEnergia<\/title>\n<meta name=\"robots\" content=\"index, follow, max-snippet:-1, max-image-preview:large, max-video-preview:-1\" \/>\n<link rel=\"canonical\" href=\"https:\/\/aperambioenergia.com.br\/en\/sustainability\/social-responsibility\/programs-and-projects\/income-generation\/\" \/>\n<meta property=\"og:locale\" content=\"en_US\" \/>\n<meta property=\"og:type\" content=\"article\" \/>\n<meta property=\"og:title\" content=\"Income Generation - Aperam BioEnergia\" \/>\n<meta property=\"og:description\" content=\"Strengthening Regional Handicraft ARTESANATO DOS VALES (VALLEY HANDICRAFT) \u2013 Recovers and strengthens handicraft in neighboring communities in order to foment handicraft commerce, supporting the activity via product marketing and artisan training. Related data: 680 hours of training in management, design, packaging and fair preparation;\u00a0Exhibitions at Company offices and other units; Artisans participating at the Belo [&hellip;]\" \/>\n<meta property=\"og:url\" content=\"https:\/\/aperambioenergia.com.br\/en\/sustainability\/social-responsibility\/programs-and-projects\/income-generation\/\" \/>\n<meta property=\"og:site_name\" content=\"Aperam BioEnergia\" \/>\n<meta property=\"article:modified_time\" content=\"2016-07-18T14:42:54+00:00\" \/>\n<script type=\"application\/ld+json\" class=\"yoast-schema-graph\">{\"@context\":\"https:\\\/\\\/schema.org\",\"@graph\":[{\"@type\":\"WebPage\",\"@id\":\"https:\\\/\\\/aperambioenergia.com.br\\\/en\\\/sustainability\\\/social-responsibility\\\/programs-and-projects\\\/income-generation\\\/\",\"url\":\"https:\\\/\\\/aperambioenergia.com.br\\\/en\\\/sustainability\\\/social-responsibility\\\/programs-and-projects\\\/income-generation\\\/\",\"name\":\"Income Generation - Aperam BioEnergia\",\"isPartOf\":{\"@id\":\"https:\\\/\\\/aperambioenergia.com.br\\\/#website\"},\"datePublished\":\"2016-07-15T14:01:55+00:00\",\"dateModified\":\"2016-07-18T14:42:54+00:00\",\"breadcrumb\":{\"@id\":\"https:\\\/\\\/aperambioenergia.com.br\\\/en\\\/sustainability\\\/social-responsibility\\\/programs-and-projects\\\/income-generation\\\/#breadcrumb\"},\"inLanguage\":\"en-US\",\"potentialAction\":[{\"@type\":\"ReadAction\",\"target\":[\"https:\\\/\\\/aperambioenergia.com.br\\\/en\\\/sustainability\\\/social-responsibility\\\/programs-and-projects\\\/income-generation\\\/\"]}]},{\"@type\":\"BreadcrumbList\",\"@id\":\"https:\\\/\\\/aperambioenergia.com.br\\\/en\\\/sustainability\\\/social-responsibility\\\/programs-and-projects\\\/income-generation\\\/#breadcrumb\",\"itemListElement\":[{\"@type\":\"ListItem\",\"position\":1,\"name\":\"In\u00edcio\",\"item\":\"https:\\\/\\\/aperambioenergia.com.br\\\/\"},{\"@type\":\"ListItem\",\"position\":2,\"name\":\"Sustainability\",\"item\":\"https:\\\/\\\/aperambioenergia.com.br\\\/en\\\/sustainability\\\/\"},{\"@type\":\"ListItem\",\"position\":3,\"name\":\"Social Responsibility\",\"item\":\"https:\\\/\\\/aperambioenergia.com.br\\\/en\\\/sustainability\\\/social-responsibility\\\/\"},{\"@type\":\"ListItem\",\"position\":4,\"name\":\"Programs and Projects\",\"item\":\"https:\\\/\\\/aperambioenergia.com.br\\\/en\\\/sustainability\\\/social-responsibility\\\/programs-and-projects\\\/\"},{\"@type\":\"ListItem\",\"position\":5,\"name\":\"Income Generation\"}]},{\"@type\":\"WebSite\",\"@id\":\"https:\\\/\\\/aperambioenergia.com.br\\\/#website\",\"url\":\"https:\\\/\\\/aperambioenergia.com.br\\\/\",\"name\":\"Aperam BioEnergia\",\"description\":\"\",\"publisher\":{\"@id\":\"https:\\\/\\\/aperambioenergia.com.br\\\/#organization\"},\"potentialAction\":[{\"@type\":\"SearchAction\",\"target\":{\"@type\":\"EntryPoint\",\"urlTemplate\":\"https:\\\/\\\/aperambioenergia.com.br\\\/?s={search_term_string}\"},\"query-input\":{\"@type\":\"PropertyValueSpecification\",\"valueRequired\":true,\"valueName\":\"search_term_string\"}}],\"inLanguage\":\"en-US\"},{\"@type\":\"Organization\",\"@id\":\"https:\\\/\\\/aperambioenergia.com.br\\\/#organization\",\"name\":\"Aperam BioEnergia\",\"url\":\"https:\\\/\\\/aperambioenergia.com.br\\\/\",\"logo\":{\"@type\":\"ImageObject\",\"inLanguage\":\"en-US\",\"@id\":\"https:\\\/\\\/aperambioenergia.com.br\\\/#\\\/schema\\\/logo\\\/image\\\/\",\"url\":\"https:\\\/\\\/aperambioenergia.com.br\\\/wp-content\\\/uploads\\\/2016\\\/07\\\/logo-288x216.jpg\",\"contentUrl\":\"https:\\\/\\\/aperambioenergia.com.br\\\/wp-content\\\/uploads\\\/2016\\\/07\\\/logo-288x216.jpg\",\"width\":288,\"height\":216,\"caption\":\"Aperam BioEnergia\"},\"image\":{\"@id\":\"https:\\\/\\\/aperambioenergia.com.br\\\/#\\\/schema\\\/logo\\\/image\\\/\"}}]}<\/script>\n<!-- \/ Yoast SEO plugin. -->","yoast_head_json":{"title":"Income Generation - Aperam BioEnergia","robots":{"index":"index","follow":"follow","max-snippet":"max-snippet:-1","max-image-preview":"max-image-preview:large","max-video-preview":"max-video-preview:-1"},"canonical":"https:\/\/aperambioenergia.com.br\/en\/sustainability\/social-responsibility\/programs-and-projects\/income-generation\/","og_locale":"en_US","og_type":"article","og_title":"Income Generation - Aperam BioEnergia","og_description":"Strengthening Regional Handicraft ARTESANATO DOS VALES (VALLEY HANDICRAFT) \u2013 Recovers and strengthens handicraft in neighboring communities in order to foment handicraft commerce, supporting the activity via product marketing and artisan training. Related data: 680 hours of training in management, design, packaging and fair preparation;\u00a0Exhibitions at Company offices and other units; Artisans participating at the Belo [&hellip;]","og_url":"https:\/\/aperambioenergia.com.br\/en\/sustainability\/social-responsibility\/programs-and-projects\/income-generation\/","og_site_name":"Aperam BioEnergia","article_modified_time":"2016-07-18T14:42:54+00:00","schema":{"@context":"https:\/\/schema.org","@graph":[{"@type":"WebPage","@id":"https:\/\/aperambioenergia.com.br\/en\/sustainability\/social-responsibility\/programs-and-projects\/income-generation\/","url":"https:\/\/aperambioenergia.com.br\/en\/sustainability\/social-responsibility\/programs-and-projects\/income-generation\/","name":"Income Generation - Aperam BioEnergia","isPartOf":{"@id":"https:\/\/aperambioenergia.com.br\/#website"},"datePublished":"2016-07-15T14:01:55+00:00","dateModified":"2016-07-18T14:42:54+00:00","breadcrumb":{"@id":"https:\/\/aperambioenergia.com.br\/en\/sustainability\/social-responsibility\/programs-and-projects\/income-generation\/#breadcrumb"},"inLanguage":"en-US","potentialAction":[{"@type":"ReadAction","target":["https:\/\/aperambioenergia.com.br\/en\/sustainability\/social-responsibility\/programs-and-projects\/income-generation\/"]}]},{"@type":"BreadcrumbList","@id":"https:\/\/aperambioenergia.com.br\/en\/sustainability\/social-responsibility\/programs-and-projects\/income-generation\/#breadcrumb","itemListElement":[{"@type":"ListItem","position":1,"name":"In\u00edcio","item":"https:\/\/aperambioenergia.com.br\/"},{"@type":"ListItem","position":2,"name":"Sustainability","item":"https:\/\/aperambioenergia.com.br\/en\/sustainability\/"},{"@type":"ListItem","position":3,"name":"Social Responsibility","item":"https:\/\/aperambioenergia.com.br\/en\/sustainability\/social-responsibility\/"},{"@type":"ListItem","position":4,"name":"Programs and Projects","item":"https:\/\/aperambioenergia.com.br\/en\/sustainability\/social-responsibility\/programs-and-projects\/"},{"@type":"ListItem","position":5,"name":"Income Generation"}]},{"@type":"WebSite","@id":"https:\/\/aperambioenergia.com.br\/#website","url":"https:\/\/aperambioenergia.com.br\/","name":"Aperam BioEnergia","description":"","publisher":{"@id":"https:\/\/aperambioenergia.com.br\/#organization"},"potentialAction":[{"@type":"SearchAction","target":{"@type":"EntryPoint","urlTemplate":"https:\/\/aperambioenergia.com.br\/?s={search_term_string}"},"query-input":{"@type":"PropertyValueSpecification","valueRequired":true,"valueName":"search_term_string"}}],"inLanguage":"en-US"},{"@type":"Organization","@id":"https:\/\/aperambioenergia.com.br\/#organization","name":"Aperam BioEnergia","url":"https:\/\/aperambioenergia.com.br\/","logo":{"@type":"ImageObject","inLanguage":"en-US","@id":"https:\/\/aperambioenergia.com.br\/#\/schema\/logo\/image\/","url":"https:\/\/aperambioenergia.com.br\/wp-content\/uploads\/2016\/07\/logo-288x216.jpg","contentUrl":"https:\/\/aperambioenergia.com.br\/wp-content\/uploads\/2016\/07\/logo-288x216.jpg","width":288,"height":216,"caption":"Aperam BioEnergia"},"image":{"@id":"https:\/\/aperambioenergia.com.br\/#\/schema\/logo\/image\/"}}]}},"_links":{"self":[{"href":"https:\/\/aperambioenergia.com.br\/en\/wp-json\/wp\/v2\/pages\/13435","targetHints":{"allow":["GET"]}}],"collection":[{"href":"https:\/\/aperambioenergia.com.br\/en\/wp-json\/wp\/v2\/pages"}],"about":[{"href":"https:\/\/aperambioenergia.com.br\/en\/wp-json\/wp\/v2\/types\/page"}],"author":[{"embeddable":true,"href":"https:\/\/aperambioenergia.com.br\/en\/wp-json\/wp\/v2\/users\/1"}],"replies":[{"embeddable":true,"href":"https:\/\/aperambioenergia.com.br\/en\/wp-json\/wp\/v2\/comments?post=13435"}],"version-history":[{"count":0,"href":"https:\/\/aperambioenergia.com.br\/en\/wp-json\/wp\/v2\/pages\/13435\/revisions"}],"up":[{"embeddable":true,"href":"https:\/\/aperambioenergia.com.br\/en\/wp-json\/wp\/v2\/pages\/14128"}],"wp:attachment":[{"href":"https:\/\/aperambioenergia.com.br\/en\/wp-json\/wp\/v2\/media?parent=13435"}],"wp:term":[{"taxonomy":"destaque_home","embeddable":true,"href":"https:\/\/aperambioenergia.com.br\/en\/wp-json\/wp\/v2\/destaque_home?post=13435"}],"curies":[{"name":"wp","href":"https:\/\/api.w.org\/{rel}","templated":true}]}}