  {"id":13381,"date":"2016-07-15T10:55:57","date_gmt":"2016-07-15T13:55:57","guid":{"rendered":"http:\/\/nortepro.com\/aperambioenergia.com.br\/en\/social-responsibility\/community-development\/"},"modified":"2016-07-18T11:42:54","modified_gmt":"2016-07-18T14:42:54","slug":"community-development","status":"publish","type":"page","link":"https:\/\/aperambioenergia.com.br\/en\/sustainability\/social-responsibility\/community-development\/","title":{"rendered":"Community Development"},"content":{"rendered":"<p><strong>Strengthening the CMDCA\u2019s via FIA<img fetchpriority=\"high\" decoding=\"async\" class=\"alignright size-medium wp-image-12948\" src=\"https:\/\/aperambioenergia.com.br\/wp-content\/uploads\/2016\/06\/6995_-Relat\u00f3rio-2014-_-Bioenergia-_-Social-_-Fabrica-de-Lingerie-462x307.jpg\" alt=\"6995_ Relat\u00f3rio 2014 _ Bioenergia  _ Social _ Fabrica de Lingerie\" width=\"462\" height=\"307\" srcset=\"https:\/\/aperambioenergia.com.br\/wp-content\/uploads\/2016\/06\/6995_-Relat\u00f3rio-2014-_-Bioenergia-_-Social-_-Fabrica-de-Lingerie-462x307.jpg 462w, https:\/\/aperambioenergia.com.br\/wp-content\/uploads\/2016\/06\/6995_-Relat\u00f3rio-2014-_-Bioenergia-_-Social-_-Fabrica-de-Lingerie-768x510.jpg 768w, https:\/\/aperambioenergia.com.br\/wp-content\/uploads\/2016\/06\/6995_-Relat\u00f3rio-2014-_-Bioenergia-_-Social-_-Fabrica-de-Lingerie-944x627.jpg 944w\" sizes=\"(max-width: 462px) 100vw, 462px\" \/><\/strong><\/p>\n<ul>\n<li>Strengthening the Municipal Councils for Child and Adolescent Rights (CMDCA, Conselhos Municipais de Direito da Crian\u00e7a e do Adolescente), as well as applying and tracking FIA (Infancy and Adolescence Fund, Fundo da Inf\u00e2ncia e Adolesc\u00eancia) resources.<\/li>\n<li>Council members and Entities aware about the correct destination of FIA resources and their attributions, and strengthened child and adolescent care institutions;<\/li>\n<li>Training for council members in all municipalities;<\/li>\n<li>Approximately 1 million and 400 thousand Reais employed in child and adolescent care institutions;<\/li>\n<li>\u00a0Strengthened child and adolescent care institutions.<\/li>\n<\/ul>\n<p><strong>Community Development Programs<\/strong><\/p>\n<ul>\n<li>RedEAm\u00e9rica: Group of corporate institutes and foundations focused on corporate social investments for basic development. span&gt;<\/li>\n<li>Supported RedEAm\u00e9rica projects:\u00a0Projeto Nova Fazendinha (Itamarandiba); Projeto Sede da Associa\u00e7\u00e3o Grupo Boa F\u00e9 de Forquilha (Minas Novas); Projeto Casa de Mel AAPIVER (Veredinha)<\/li>\n<\/ul>\n","protected":false},"excerpt":{"rendered":"<p>Strengthening the CMDCA\u2019s via FIA Strengthening the Municipal Councils for Child and Adolescent Rights (CMDCA, Conselhos Municipais de Direito da Crian\u00e7a e do Adolescente), as well as applying and tracking FIA (Infancy and Adolescence Fund, Fundo da Inf\u00e2ncia e Adolesc\u00eancia) resources. Council members and Entities aware about the correct destination of FIA resources and their [&hellip;]<\/p>\n","protected":false},"author":1,"featured_media":0,"parent":13357,"menu_order":2,"comment_status":"closed","ping_status":"closed","template":"","meta":{"footnotes":""},"destaque_home":[],"class_list":["post-13381","page","type-page","status-publish","hentry"],"yoast_head":"<!-- This site is optimized with the Yoast SEO plugin v27.4 - https:\/\/yoast.com\/product\/yoast-seo-wordpress\/ -->\n<title>Community Development - Aperam BioEnergia<\/title>\n<meta name=\"robots\" content=\"index, follow, max-snippet:-1, max-image-preview:large, max-video-preview:-1\" \/>\n<link rel=\"canonical\" href=\"https:\/\/aperambioenergia.com.br\/en\/sustainability\/social-responsibility\/community-development\/\" \/>\n<meta property=\"og:locale\" content=\"en_US\" \/>\n<meta property=\"og:type\" content=\"article\" \/>\n<meta property=\"og:title\" content=\"Community Development - Aperam BioEnergia\" \/>\n<meta property=\"og:description\" content=\"Strengthening the CMDCA\u2019s via FIA Strengthening the Municipal Councils for Child and Adolescent Rights (CMDCA, Conselhos Municipais de Direito da Crian\u00e7a e do Adolescente), as well as applying and tracking FIA (Infancy and Adolescence Fund, Fundo da Inf\u00e2ncia e Adolesc\u00eancia) resources. Council members and Entities aware about the correct destination of FIA resources and their [&hellip;]\" \/>\n<meta property=\"og:url\" content=\"https:\/\/aperambioenergia.com.br\/en\/sustainability\/social-responsibility\/community-development\/\" \/>\n<meta property=\"og:site_name\" content=\"Aperam BioEnergia\" \/>\n<meta property=\"article:modified_time\" content=\"2016-07-18T14:42:54+00:00\" \/>\n<script type=\"application\/ld+json\" class=\"yoast-schema-graph\">{\"@context\":\"https:\\\/\\\/schema.org\",\"@graph\":[{\"@type\":\"WebPage\",\"@id\":\"https:\\\/\\\/aperambioenergia.com.br\\\/en\\\/sustainability\\\/social-responsibility\\\/community-development\\\/\",\"url\":\"https:\\\/\\\/aperambioenergia.com.br\\\/en\\\/sustainability\\\/social-responsibility\\\/community-development\\\/\",\"name\":\"Community Development - Aperam BioEnergia\",\"isPartOf\":{\"@id\":\"https:\\\/\\\/aperambioenergia.com.br\\\/#website\"},\"datePublished\":\"2016-07-15T13:55:57+00:00\",\"dateModified\":\"2016-07-18T14:42:54+00:00\",\"breadcrumb\":{\"@id\":\"https:\\\/\\\/aperambioenergia.com.br\\\/en\\\/sustainability\\\/social-responsibility\\\/community-development\\\/#breadcrumb\"},\"inLanguage\":\"en-US\",\"potentialAction\":[{\"@type\":\"ReadAction\",\"target\":[\"https:\\\/\\\/aperambioenergia.com.br\\\/en\\\/sustainability\\\/social-responsibility\\\/community-development\\\/\"]}]},{\"@type\":\"BreadcrumbList\",\"@id\":\"https:\\\/\\\/aperambioenergia.com.br\\\/en\\\/sustainability\\\/social-responsibility\\\/community-development\\\/#breadcrumb\",\"itemListElement\":[{\"@type\":\"ListItem\",\"position\":1,\"name\":\"In\u00edcio\",\"item\":\"https:\\\/\\\/aperambioenergia.com.br\\\/\"},{\"@type\":\"ListItem\",\"position\":2,\"name\":\"Sustainability\",\"item\":\"https:\\\/\\\/aperambioenergia.com.br\\\/en\\\/sustainability\\\/\"},{\"@type\":\"ListItem\",\"position\":3,\"name\":\"Social Responsibility\",\"item\":\"https:\\\/\\\/aperambioenergia.com.br\\\/en\\\/sustainability\\\/social-responsibility\\\/\"},{\"@type\":\"ListItem\",\"position\":4,\"name\":\"Community Development\"}]},{\"@type\":\"WebSite\",\"@id\":\"https:\\\/\\\/aperambioenergia.com.br\\\/#website\",\"url\":\"https:\\\/\\\/aperambioenergia.com.br\\\/\",\"name\":\"Aperam BioEnergia\",\"description\":\"\",\"publisher\":{\"@id\":\"https:\\\/\\\/aperambioenergia.com.br\\\/#organization\"},\"potentialAction\":[{\"@type\":\"SearchAction\",\"target\":{\"@type\":\"EntryPoint\",\"urlTemplate\":\"https:\\\/\\\/aperambioenergia.com.br\\\/?s={search_term_string}\"},\"query-input\":{\"@type\":\"PropertyValueSpecification\",\"valueRequired\":true,\"valueName\":\"search_term_string\"}}],\"inLanguage\":\"en-US\"},{\"@type\":\"Organization\",\"@id\":\"https:\\\/\\\/aperambioenergia.com.br\\\/#organization\",\"name\":\"Aperam BioEnergia\",\"url\":\"https:\\\/\\\/aperambioenergia.com.br\\\/\",\"logo\":{\"@type\":\"ImageObject\",\"inLanguage\":\"en-US\",\"@id\":\"https:\\\/\\\/aperambioenergia.com.br\\\/#\\\/schema\\\/logo\\\/image\\\/\",\"url\":\"https:\\\/\\\/aperambioenergia.com.br\\\/wp-content\\\/uploads\\\/2016\\\/07\\\/logo-288x216.jpg\",\"contentUrl\":\"https:\\\/\\\/aperambioenergia.com.br\\\/wp-content\\\/uploads\\\/2016\\\/07\\\/logo-288x216.jpg\",\"width\":288,\"height\":216,\"caption\":\"Aperam BioEnergia\"},\"image\":{\"@id\":\"https:\\\/\\\/aperambioenergia.com.br\\\/#\\\/schema\\\/logo\\\/image\\\/\"}}]}<\/script>\n<!-- \/ Yoast SEO plugin. -->","yoast_head_json":{"title":"Community Development - Aperam BioEnergia","robots":{"index":"index","follow":"follow","max-snippet":"max-snippet:-1","max-image-preview":"max-image-preview:large","max-video-preview":"max-video-preview:-1"},"canonical":"https:\/\/aperambioenergia.com.br\/en\/sustainability\/social-responsibility\/community-development\/","og_locale":"en_US","og_type":"article","og_title":"Community Development - Aperam BioEnergia","og_description":"Strengthening the CMDCA\u2019s via FIA Strengthening the Municipal Councils for Child and Adolescent Rights (CMDCA, Conselhos Municipais de Direito da Crian\u00e7a e do Adolescente), as well as applying and tracking FIA (Infancy and Adolescence Fund, Fundo da Inf\u00e2ncia e Adolesc\u00eancia) resources. Council members and Entities aware about the correct destination of FIA resources and their [&hellip;]","og_url":"https:\/\/aperambioenergia.com.br\/en\/sustainability\/social-responsibility\/community-development\/","og_site_name":"Aperam BioEnergia","article_modified_time":"2016-07-18T14:42:54+00:00","schema":{"@context":"https:\/\/schema.org","@graph":[{"@type":"WebPage","@id":"https:\/\/aperambioenergia.com.br\/en\/sustainability\/social-responsibility\/community-development\/","url":"https:\/\/aperambioenergia.com.br\/en\/sustainability\/social-responsibility\/community-development\/","name":"Community Development - Aperam BioEnergia","isPartOf":{"@id":"https:\/\/aperambioenergia.com.br\/#website"},"datePublished":"2016-07-15T13:55:57+00:00","dateModified":"2016-07-18T14:42:54+00:00","breadcrumb":{"@id":"https:\/\/aperambioenergia.com.br\/en\/sustainability\/social-responsibility\/community-development\/#breadcrumb"},"inLanguage":"en-US","potentialAction":[{"@type":"ReadAction","target":["https:\/\/aperambioenergia.com.br\/en\/sustainability\/social-responsibility\/community-development\/"]}]},{"@type":"BreadcrumbList","@id":"https:\/\/aperambioenergia.com.br\/en\/sustainability\/social-responsibility\/community-development\/#breadcrumb","itemListElement":[{"@type":"ListItem","position":1,"name":"In\u00edcio","item":"https:\/\/aperambioenergia.com.br\/"},{"@type":"ListItem","position":2,"name":"Sustainability","item":"https:\/\/aperambioenergia.com.br\/en\/sustainability\/"},{"@type":"ListItem","position":3,"name":"Social Responsibility","item":"https:\/\/aperambioenergia.com.br\/en\/sustainability\/social-responsibility\/"},{"@type":"ListItem","position":4,"name":"Community Development"}]},{"@type":"WebSite","@id":"https:\/\/aperambioenergia.com.br\/#website","url":"https:\/\/aperambioenergia.com.br\/","name":"Aperam BioEnergia","description":"","publisher":{"@id":"https:\/\/aperambioenergia.com.br\/#organization"},"potentialAction":[{"@type":"SearchAction","target":{"@type":"EntryPoint","urlTemplate":"https:\/\/aperambioenergia.com.br\/?s={search_term_string}"},"query-input":{"@type":"PropertyValueSpecification","valueRequired":true,"valueName":"search_term_string"}}],"inLanguage":"en-US"},{"@type":"Organization","@id":"https:\/\/aperambioenergia.com.br\/#organization","name":"Aperam BioEnergia","url":"https:\/\/aperambioenergia.com.br\/","logo":{"@type":"ImageObject","inLanguage":"en-US","@id":"https:\/\/aperambioenergia.com.br\/#\/schema\/logo\/image\/","url":"https:\/\/aperambioenergia.com.br\/wp-content\/uploads\/2016\/07\/logo-288x216.jpg","contentUrl":"https:\/\/aperambioenergia.com.br\/wp-content\/uploads\/2016\/07\/logo-288x216.jpg","width":288,"height":216,"caption":"Aperam BioEnergia"},"image":{"@id":"https:\/\/aperambioenergia.com.br\/#\/schema\/logo\/image\/"}}]}},"_links":{"self":[{"href":"https:\/\/aperambioenergia.com.br\/en\/wp-json\/wp\/v2\/pages\/13381","targetHints":{"allow":["GET"]}}],"collection":[{"href":"https:\/\/aperambioenergia.com.br\/en\/wp-json\/wp\/v2\/pages"}],"about":[{"href":"https:\/\/aperambioenergia.com.br\/en\/wp-json\/wp\/v2\/types\/page"}],"author":[{"embeddable":true,"href":"https:\/\/aperambioenergia.com.br\/en\/wp-json\/wp\/v2\/users\/1"}],"replies":[{"embeddable":true,"href":"https:\/\/aperambioenergia.com.br\/en\/wp-json\/wp\/v2\/comments?post=13381"}],"version-history":[{"count":0,"href":"https:\/\/aperambioenergia.com.br\/en\/wp-json\/wp\/v2\/pages\/13381\/revisions"}],"up":[{"embeddable":true,"href":"https:\/\/aperambioenergia.com.br\/en\/wp-json\/wp\/v2\/pages\/13357"}],"wp:attachment":[{"href":"https:\/\/aperambioenergia.com.br\/en\/wp-json\/wp\/v2\/media?parent=13381"}],"wp:term":[{"taxonomy":"destaque_home","embeddable":true,"href":"https:\/\/aperambioenergia.com.br\/en\/wp-json\/wp\/v2\/destaque_home?post=13381"}],"curies":[{"name":"wp","href":"https:\/\/api.w.org\/{rel}","templated":true}]}}