  {"id":13315,"date":"2016-07-15T10:50:28","date_gmt":"2016-07-15T13:50:28","guid":{"rendered":"http:\/\/nortepro.com\/aperambioenergia.com.br\/en\/environment\/environmental-projects\/"},"modified":"2016-07-18T11:42:54","modified_gmt":"2016-07-18T14:42:54","slug":"environmental-projects","status":"publish","type":"page","link":"https:\/\/aperambioenergia.com.br\/en\/sustainability\/environment\/environmental-projects\/","title":{"rendered":"Environmental Projects"},"content":{"rendered":"<div align=\"justify\">All work executed by Aperam <span style=\"color: #222222;\">BioEnergia\u00a0<\/span>is supported by researches and assessments, aiming to guarantee sustainable forest management. Committed to maintaining the natural richness of important cerrado areas under its responsibility, the company monitors and maintains its 126 thousand hectares in partnerships with Brazil\u2019s main educational institutions. Within this total, 30 thousand hectares are Permanent Preservation Areas (APPs, \u00c1reas de Preserva\u00e7\u00e3o Permanente) and Legal Reservations.<\/div>\n<p align=\"justify\">These actions represent another example of the importance of planted forests for biodiversity conservation. Currently, each hectare containing planted eucalypt forests in Brazil preserves about ten hectares of native forests.<\/p>\n<p align=\"justify\">Here are the main Environmental Projects developed by Aperam <span style=\"color: #222222;\">BioEnergia<\/span>:<\/p>\n<ul>\n<li>\n<div align=\"justify\">Environmental and Scientific Research Planning and Development<\/div>\n<\/li>\n<\/ul>\n<div align=\"justify\">Aperam <span style=\"color: #222222;\">BioEnergia\u00a0<\/span>has collaboration agreements with Brazil\u2019s main institutes and universities, supporting and fomenting environmental researches in its areas of expertise.<\/div>\n<ul>\n<li>\n<div align=\"justify\">Monitoring Program for Insects which are Harmful to Reforestation<\/div>\n<\/li>\n<\/ul>\n<div align=\"justify\">Aperam <span style=\"color: #222222;\">BioEnergia\u00a0<\/span>develops monitoring and control methodologies for harmful insects such as ants, caterpillars, beetles and termites. Techniques range from manual removal to using specific software to assess insect cohabitation to a point in which they won\u2019t cause economic damage.Concerning control measures, all used products are registered at the Ministry of Agriculture and cleared for forest implementation, given that none are included in the FSC list of prohibited products. Aperam <span style=\"color: #222222;\">BioEnergia\u00a0<\/span>disposes of an entomology collection with more than 6,000 catalogued insects, used for fast harmful insect identification and environmental education.<\/div>\n<ul>\n<li>\n<div align=\"justify\">Special Areas and Riparian Forest Recovery Program<\/div>\n<\/li>\n<\/ul>\n<p align=\"justify\">Each year, areas in need of recovery are identified during microplanning, given that the recommendations for each situation are presented in the standard operational procedure for area management. Permanent preservation areas stand out, mainly river banks and headsprings, in which Aperam <span style=\"color: #222222;\">BioEnergia\u00a0<\/span>has been adjusting to and complying with the legislation in effect.<\/p>\n<ul>\n<li>Fauna and Flora Assessment<\/li>\n<\/ul>\n<div>Fauna and flora assessments are being developed in order to build biological knowledge and improve management approaches.<\/div>\n<div><\/div>\n<ul>\n<li>Fauna and Flora Watercourse Protection<\/li>\n<\/ul>\n<p>Fragmented forest areas and riparian forests are safe at Aperam <span style=\"color: #222222;\">BioEnergia<\/span>, given that all reservations have been registered and are protected and monitored along their growth and ecological succession dynamics.<\/p>\n<p align=\"justify\">The fire prevention and control system focuses its priority on reservation areas. Collaboration agreements and partnership programs concerning fire prevention and control have been made with other private and public companies.<\/p>\n<ul>\n<li>\n<div align=\"justify\">Hydric Monitoring<\/div>\n<\/li>\n<\/ul>\n<p align=\"justify\">This program\u2019s objectives are assessing the sustainability of management practices adopted by Aperam <span style=\"color: #222222;\">BioEnergia\u00a0<\/span>in its hydric sources through physical, chemical and biological characterization, as well as identifying and hierarchizing current and potential impacts by forest management practices on superficial waters, comparing them to agricultural activities.<\/p>\n<p align=\"justify\">S\u00a0Annual water samplings and analyses are performed and the observed results are compared to reference values required by law and by management practices adopted in the drainage area of the analyzed watercourse.<\/p>\n<p align=\"justify\">Based on these analyses, corrective, preventive or emergency measures are proposed in order to mitigate any potential non-compliance.<\/p>\n<ul>\n<li>Forest species improvements<\/li>\n<li>Soil mapping and management<\/li>\n<li>Forest fire prevention and control program<\/li>\n<\/ul>\n","protected":false},"excerpt":{"rendered":"<p>All work executed by Aperam BioEnergia\u00a0is supported by researches and assessments, aiming to guarantee sustainable forest management. Committed to maintaining the natural richness of important cerrado areas under its responsibility, the company monitors and maintains its 126 thousand hectares in partnerships with Brazil\u2019s main educational institutions. Within this total, 30 thousand hectares are Permanent Preservation [&hellip;]<\/p>\n","protected":false},"author":1,"featured_media":0,"parent":13255,"menu_order":9,"comment_status":"closed","ping_status":"closed","template":"","meta":{"footnotes":""},"destaque_home":[],"class_list":["post-13315","page","type-page","status-publish","hentry"],"yoast_head":"<!-- This site is optimized with the Yoast SEO plugin v27.3 - https:\/\/yoast.com\/product\/yoast-seo-wordpress\/ -->\n<title>Environmental Projects - Aperam BioEnergia<\/title>\n<meta name=\"robots\" content=\"index, follow, max-snippet:-1, max-image-preview:large, max-video-preview:-1\" \/>\n<link rel=\"canonical\" href=\"https:\/\/aperambioenergia.com.br\/en\/sustainability\/environment\/environmental-projects\/\" \/>\n<meta property=\"og:locale\" content=\"en_US\" \/>\n<meta property=\"og:type\" content=\"article\" \/>\n<meta property=\"og:title\" content=\"Environmental Projects - Aperam BioEnergia\" \/>\n<meta property=\"og:description\" content=\"All work executed by Aperam BioEnergia\u00a0is supported by researches and assessments, aiming to guarantee sustainable forest management. Committed to maintaining the natural richness of important cerrado areas under its responsibility, the company monitors and maintains its 126 thousand hectares in partnerships with Brazil\u2019s main educational institutions. Within this total, 30 thousand hectares are Permanent Preservation [&hellip;]\" \/>\n<meta property=\"og:url\" content=\"https:\/\/aperambioenergia.com.br\/en\/sustainability\/environment\/environmental-projects\/\" \/>\n<meta property=\"og:site_name\" content=\"Aperam BioEnergia\" \/>\n<meta property=\"article:modified_time\" content=\"2016-07-18T14:42:54+00:00\" \/>\n<script type=\"application\/ld+json\" class=\"yoast-schema-graph\">{\"@context\":\"https:\\\/\\\/schema.org\",\"@graph\":[{\"@type\":\"WebPage\",\"@id\":\"https:\\\/\\\/aperambioenergia.com.br\\\/en\\\/sustainability\\\/environment\\\/environmental-projects\\\/\",\"url\":\"https:\\\/\\\/aperambioenergia.com.br\\\/en\\\/sustainability\\\/environment\\\/environmental-projects\\\/\",\"name\":\"Environmental Projects - Aperam BioEnergia\",\"isPartOf\":{\"@id\":\"https:\\\/\\\/aperambioenergia.com.br\\\/#website\"},\"datePublished\":\"2016-07-15T13:50:28+00:00\",\"dateModified\":\"2016-07-18T14:42:54+00:00\",\"breadcrumb\":{\"@id\":\"https:\\\/\\\/aperambioenergia.com.br\\\/en\\\/sustainability\\\/environment\\\/environmental-projects\\\/#breadcrumb\"},\"inLanguage\":\"en-US\",\"potentialAction\":[{\"@type\":\"ReadAction\",\"target\":[\"https:\\\/\\\/aperambioenergia.com.br\\\/en\\\/sustainability\\\/environment\\\/environmental-projects\\\/\"]}]},{\"@type\":\"BreadcrumbList\",\"@id\":\"https:\\\/\\\/aperambioenergia.com.br\\\/en\\\/sustainability\\\/environment\\\/environmental-projects\\\/#breadcrumb\",\"itemListElement\":[{\"@type\":\"ListItem\",\"position\":1,\"name\":\"In\u00edcio\",\"item\":\"https:\\\/\\\/aperambioenergia.com.br\\\/\"},{\"@type\":\"ListItem\",\"position\":2,\"name\":\"Sustainability\",\"item\":\"https:\\\/\\\/aperambioenergia.com.br\\\/en\\\/sustainability\\\/\"},{\"@type\":\"ListItem\",\"position\":3,\"name\":\"Environment\",\"item\":\"https:\\\/\\\/aperambioenergia.com.br\\\/en\\\/sustainability\\\/environment\\\/\"},{\"@type\":\"ListItem\",\"position\":4,\"name\":\"Environmental Projects\"}]},{\"@type\":\"WebSite\",\"@id\":\"https:\\\/\\\/aperambioenergia.com.br\\\/#website\",\"url\":\"https:\\\/\\\/aperambioenergia.com.br\\\/\",\"name\":\"Aperam BioEnergia\",\"description\":\"\",\"publisher\":{\"@id\":\"https:\\\/\\\/aperambioenergia.com.br\\\/#organization\"},\"potentialAction\":[{\"@type\":\"SearchAction\",\"target\":{\"@type\":\"EntryPoint\",\"urlTemplate\":\"https:\\\/\\\/aperambioenergia.com.br\\\/?s={search_term_string}\"},\"query-input\":{\"@type\":\"PropertyValueSpecification\",\"valueRequired\":true,\"valueName\":\"search_term_string\"}}],\"inLanguage\":\"en-US\"},{\"@type\":\"Organization\",\"@id\":\"https:\\\/\\\/aperambioenergia.com.br\\\/#organization\",\"name\":\"Aperam BioEnergia\",\"url\":\"https:\\\/\\\/aperambioenergia.com.br\\\/\",\"logo\":{\"@type\":\"ImageObject\",\"inLanguage\":\"en-US\",\"@id\":\"https:\\\/\\\/aperambioenergia.com.br\\\/#\\\/schema\\\/logo\\\/image\\\/\",\"url\":\"https:\\\/\\\/aperambioenergia.com.br\\\/wp-content\\\/uploads\\\/2016\\\/07\\\/logo-288x216.jpg\",\"contentUrl\":\"https:\\\/\\\/aperambioenergia.com.br\\\/wp-content\\\/uploads\\\/2016\\\/07\\\/logo-288x216.jpg\",\"width\":288,\"height\":216,\"caption\":\"Aperam BioEnergia\"},\"image\":{\"@id\":\"https:\\\/\\\/aperambioenergia.com.br\\\/#\\\/schema\\\/logo\\\/image\\\/\"}}]}<\/script>\n<!-- \/ Yoast SEO plugin. -->","yoast_head_json":{"title":"Environmental Projects - Aperam BioEnergia","robots":{"index":"index","follow":"follow","max-snippet":"max-snippet:-1","max-image-preview":"max-image-preview:large","max-video-preview":"max-video-preview:-1"},"canonical":"https:\/\/aperambioenergia.com.br\/en\/sustainability\/environment\/environmental-projects\/","og_locale":"en_US","og_type":"article","og_title":"Environmental Projects - Aperam BioEnergia","og_description":"All work executed by Aperam BioEnergia\u00a0is supported by researches and assessments, aiming to guarantee sustainable forest management. Committed to maintaining the natural richness of important cerrado areas under its responsibility, the company monitors and maintains its 126 thousand hectares in partnerships with Brazil\u2019s main educational institutions. Within this total, 30 thousand hectares are Permanent Preservation [&hellip;]","og_url":"https:\/\/aperambioenergia.com.br\/en\/sustainability\/environment\/environmental-projects\/","og_site_name":"Aperam BioEnergia","article_modified_time":"2016-07-18T14:42:54+00:00","schema":{"@context":"https:\/\/schema.org","@graph":[{"@type":"WebPage","@id":"https:\/\/aperambioenergia.com.br\/en\/sustainability\/environment\/environmental-projects\/","url":"https:\/\/aperambioenergia.com.br\/en\/sustainability\/environment\/environmental-projects\/","name":"Environmental Projects - Aperam BioEnergia","isPartOf":{"@id":"https:\/\/aperambioenergia.com.br\/#website"},"datePublished":"2016-07-15T13:50:28+00:00","dateModified":"2016-07-18T14:42:54+00:00","breadcrumb":{"@id":"https:\/\/aperambioenergia.com.br\/en\/sustainability\/environment\/environmental-projects\/#breadcrumb"},"inLanguage":"en-US","potentialAction":[{"@type":"ReadAction","target":["https:\/\/aperambioenergia.com.br\/en\/sustainability\/environment\/environmental-projects\/"]}]},{"@type":"BreadcrumbList","@id":"https:\/\/aperambioenergia.com.br\/en\/sustainability\/environment\/environmental-projects\/#breadcrumb","itemListElement":[{"@type":"ListItem","position":1,"name":"In\u00edcio","item":"https:\/\/aperambioenergia.com.br\/"},{"@type":"ListItem","position":2,"name":"Sustainability","item":"https:\/\/aperambioenergia.com.br\/en\/sustainability\/"},{"@type":"ListItem","position":3,"name":"Environment","item":"https:\/\/aperambioenergia.com.br\/en\/sustainability\/environment\/"},{"@type":"ListItem","position":4,"name":"Environmental Projects"}]},{"@type":"WebSite","@id":"https:\/\/aperambioenergia.com.br\/#website","url":"https:\/\/aperambioenergia.com.br\/","name":"Aperam BioEnergia","description":"","publisher":{"@id":"https:\/\/aperambioenergia.com.br\/#organization"},"potentialAction":[{"@type":"SearchAction","target":{"@type":"EntryPoint","urlTemplate":"https:\/\/aperambioenergia.com.br\/?s={search_term_string}"},"query-input":{"@type":"PropertyValueSpecification","valueRequired":true,"valueName":"search_term_string"}}],"inLanguage":"en-US"},{"@type":"Organization","@id":"https:\/\/aperambioenergia.com.br\/#organization","name":"Aperam BioEnergia","url":"https:\/\/aperambioenergia.com.br\/","logo":{"@type":"ImageObject","inLanguage":"en-US","@id":"https:\/\/aperambioenergia.com.br\/#\/schema\/logo\/image\/","url":"https:\/\/aperambioenergia.com.br\/wp-content\/uploads\/2016\/07\/logo-288x216.jpg","contentUrl":"https:\/\/aperambioenergia.com.br\/wp-content\/uploads\/2016\/07\/logo-288x216.jpg","width":288,"height":216,"caption":"Aperam BioEnergia"},"image":{"@id":"https:\/\/aperambioenergia.com.br\/#\/schema\/logo\/image\/"}}]}},"_links":{"self":[{"href":"https:\/\/aperambioenergia.com.br\/en\/wp-json\/wp\/v2\/pages\/13315","targetHints":{"allow":["GET"]}}],"collection":[{"href":"https:\/\/aperambioenergia.com.br\/en\/wp-json\/wp\/v2\/pages"}],"about":[{"href":"https:\/\/aperambioenergia.com.br\/en\/wp-json\/wp\/v2\/types\/page"}],"author":[{"embeddable":true,"href":"https:\/\/aperambioenergia.com.br\/en\/wp-json\/wp\/v2\/users\/1"}],"replies":[{"embeddable":true,"href":"https:\/\/aperambioenergia.com.br\/en\/wp-json\/wp\/v2\/comments?post=13315"}],"version-history":[{"count":0,"href":"https:\/\/aperambioenergia.com.br\/en\/wp-json\/wp\/v2\/pages\/13315\/revisions"}],"up":[{"embeddable":true,"href":"https:\/\/aperambioenergia.com.br\/en\/wp-json\/wp\/v2\/pages\/13255"}],"wp:attachment":[{"href":"https:\/\/aperambioenergia.com.br\/en\/wp-json\/wp\/v2\/media?parent=13315"}],"wp:term":[{"taxonomy":"destaque_home","embeddable":true,"href":"https:\/\/aperambioenergia.com.br\/en\/wp-json\/wp\/v2\/destaque_home?post=13315"}],"curies":[{"name":"wp","href":"https:\/\/api.w.org\/{rel}","templated":true}]}}