  {"id":13219,"date":"2016-07-15T10:37:16","date_gmt":"2016-07-15T13:37:16","guid":{"rendered":"http:\/\/nortepro.com\/aperambioenergia.com.br\/en\/sustainability\/green-technology\/"},"modified":"2016-07-18T11:42:54","modified_gmt":"2016-07-18T14:42:54","slug":"green-technology","status":"publish","type":"page","link":"https:\/\/aperambioenergia.com.br\/en\/sustainability\/environment\/green-technology\/","title":{"rendered":"Green Technology"},"content":{"rendered":"<div style=\"text-align: justify;\"><img fetchpriority=\"high\" decoding=\"async\" class=\"alignright size-medium wp-image-12939\" src=\"https:\/\/aperambioenergia.com.br\/wp-content\/uploads\/2016\/06\/K5H5953-400x600.jpg\" alt=\"_K5H5953\" width=\"400\" height=\"600\" srcset=\"https:\/\/aperambioenergia.com.br\/wp-content\/uploads\/2016\/06\/K5H5953-400x600.jpg 400w, https:\/\/aperambioenergia.com.br\/wp-content\/uploads\/2016\/06\/K5H5953-768x1152.jpg 768w, https:\/\/aperambioenergia.com.br\/wp-content\/uploads\/2016\/06\/K5H5953-683x1024.jpg 683w\" sizes=\"(max-width: 400px) 100vw, 400px\" \/>In order to produce the charcoal that supplies blast furnaces at Aperam (former ArcelorMittal Inox Brasil), Aperam BioEnergia\u00a0(former ArcelorMittal BioEnergia) uses state-of-the-art technology which also allows supporting its activities on the three pillars of sustainability:<\/div>\n<p style=\"text-align: justify;\">ENVIRONMENTALLY correct<\/p>\n<p style=\"text-align: justify;\">SOCIALLY fair<\/p>\n<p style=\"text-align: justify;\">ECONOMICALLY viable<\/p>\n<div style=\"text-align: justify;\"><\/div>\n<p style=\"text-align: justify;\">The eucalypt plantations and the carbonization process are examples of this. Each stage is planned through intense researches and integrated operation management.<\/p>\n<div style=\"text-align: justify;\"><\/div>\n<p style=\"text-align: justify;\">The forests\u2019 productivity currently exceeds the 40 cubic meters of wood per hectare mark. The harvest, the furnace loading and unloading, the transportation, among other carbonization stages are completely mechanized and use the most advanced equipment in the forestry industry. Using fume burners and gas recirculation (wood drying and coal cooling) in the coal production furnaces also helps improving the environment and the wood transformation yield.<\/p>\n<p style=\"text-align: justify;\">Results such as these are great achievements and part of the Aperam BioEnergia\u00a0history. The company pioneers in a few forest research centers and institutes in Brazil, such as the Sociedade de Investiga\u00e7\u00f5es Florestais (SIF, Forest Investigation Society), headquartered in Vi\u00e7osa (MG); the Instituto de Pesquisas e Estudos Florestais (IPEF, Forest Studies and Research Institute), headquartered in Piracicaba (SP) and the Escola Superior de Agricultura &#8220;Luiz de Queiroz&#8221; (ESAL\/USP, Luiz de Queiroz School of Higher Education in Agriculture), headquartered in Piracicaba (SP).<\/p>\n","protected":false},"excerpt":{"rendered":"<p>In order to produce the charcoal that supplies blast furnaces at Aperam (former ArcelorMittal Inox Brasil), Aperam BioEnergia\u00a0(former ArcelorMittal BioEnergia) uses state-of-the-art technology which also allows supporting its activities on the three pillars of sustainability: ENVIRONMENTALLY correct SOCIALLY fair ECONOMICALLY viable The eucalypt plantations and the carbonization process are examples of this. Each stage is [&hellip;]<\/p>\n","protected":false},"author":1,"featured_media":12939,"parent":13255,"menu_order":4,"comment_status":"closed","ping_status":"closed","template":"","meta":{"footnotes":""},"destaque_home":[],"class_list":["post-13219","page","type-page","status-publish","has-post-thumbnail","hentry"],"yoast_head":"<!-- This site is optimized with the Yoast SEO plugin v27.4 - https:\/\/yoast.com\/product\/yoast-seo-wordpress\/ -->\n<title>Green Technology - Aperam BioEnergia<\/title>\n<meta name=\"robots\" content=\"index, follow, max-snippet:-1, max-image-preview:large, max-video-preview:-1\" \/>\n<link rel=\"canonical\" href=\"https:\/\/aperambioenergia.com.br\/en\/sustainability\/environment\/green-technology\/\" \/>\n<meta property=\"og:locale\" content=\"en_US\" \/>\n<meta property=\"og:type\" content=\"article\" \/>\n<meta property=\"og:title\" content=\"Green Technology - Aperam BioEnergia\" \/>\n<meta property=\"og:description\" content=\"In order to produce the charcoal that supplies blast furnaces at Aperam (former ArcelorMittal Inox Brasil), Aperam BioEnergia\u00a0(former ArcelorMittal BioEnergia) uses state-of-the-art technology which also allows supporting its activities on the three pillars of sustainability: ENVIRONMENTALLY correct SOCIALLY fair ECONOMICALLY viable The eucalypt plantations and the carbonization process are examples of this. Each stage is [&hellip;]\" \/>\n<meta property=\"og:url\" content=\"https:\/\/aperambioenergia.com.br\/en\/sustainability\/environment\/green-technology\/\" \/>\n<meta property=\"og:site_name\" content=\"Aperam BioEnergia\" \/>\n<meta property=\"article:modified_time\" content=\"2016-07-18T14:42:54+00:00\" \/>\n<meta property=\"og:image\" content=\"https:\/\/aperambioenergia.com.br\/wp-content\/uploads\/2016\/06\/K5H5953-683x1024.jpg\" \/>\n\t<meta property=\"og:image:width\" content=\"683\" \/>\n\t<meta property=\"og:image:height\" content=\"1024\" \/>\n\t<meta property=\"og:image:type\" content=\"image\/jpeg\" \/>\n<script type=\"application\/ld+json\" class=\"yoast-schema-graph\">{\"@context\":\"https:\\\/\\\/schema.org\",\"@graph\":[{\"@type\":\"WebPage\",\"@id\":\"https:\\\/\\\/aperambioenergia.com.br\\\/en\\\/sustainability\\\/environment\\\/green-technology\\\/\",\"url\":\"https:\\\/\\\/aperambioenergia.com.br\\\/en\\\/sustainability\\\/environment\\\/green-technology\\\/\",\"name\":\"Green Technology - Aperam BioEnergia\",\"isPartOf\":{\"@id\":\"https:\\\/\\\/aperambioenergia.com.br\\\/#website\"},\"primaryImageOfPage\":{\"@id\":\"https:\\\/\\\/aperambioenergia.com.br\\\/en\\\/sustainability\\\/environment\\\/green-technology\\\/#primaryimage\"},\"image\":{\"@id\":\"https:\\\/\\\/aperambioenergia.com.br\\\/en\\\/sustainability\\\/environment\\\/green-technology\\\/#primaryimage\"},\"thumbnailUrl\":\"https:\\\/\\\/aperambioenergia.com.br\\\/wp-content\\\/uploads\\\/2016\\\/06\\\/K5H5953.jpg\",\"datePublished\":\"2016-07-15T13:37:16+00:00\",\"dateModified\":\"2016-07-18T14:42:54+00:00\",\"breadcrumb\":{\"@id\":\"https:\\\/\\\/aperambioenergia.com.br\\\/en\\\/sustainability\\\/environment\\\/green-technology\\\/#breadcrumb\"},\"inLanguage\":\"en-US\",\"potentialAction\":[{\"@type\":\"ReadAction\",\"target\":[\"https:\\\/\\\/aperambioenergia.com.br\\\/en\\\/sustainability\\\/environment\\\/green-technology\\\/\"]}]},{\"@type\":\"ImageObject\",\"inLanguage\":\"en-US\",\"@id\":\"https:\\\/\\\/aperambioenergia.com.br\\\/en\\\/sustainability\\\/environment\\\/green-technology\\\/#primaryimage\",\"url\":\"https:\\\/\\\/aperambioenergia.com.br\\\/wp-content\\\/uploads\\\/2016\\\/06\\\/K5H5953.jpg\",\"contentUrl\":\"https:\\\/\\\/aperambioenergia.com.br\\\/wp-content\\\/uploads\\\/2016\\\/06\\\/K5H5953.jpg\",\"width\":3780,\"height\":5669},{\"@type\":\"BreadcrumbList\",\"@id\":\"https:\\\/\\\/aperambioenergia.com.br\\\/en\\\/sustainability\\\/environment\\\/green-technology\\\/#breadcrumb\",\"itemListElement\":[{\"@type\":\"ListItem\",\"position\":1,\"name\":\"In\u00edcio\",\"item\":\"https:\\\/\\\/aperambioenergia.com.br\\\/\"},{\"@type\":\"ListItem\",\"position\":2,\"name\":\"Sustainability\",\"item\":\"https:\\\/\\\/aperambioenergia.com.br\\\/en\\\/sustainability\\\/\"},{\"@type\":\"ListItem\",\"position\":3,\"name\":\"Environment\",\"item\":\"https:\\\/\\\/aperambioenergia.com.br\\\/en\\\/sustainability\\\/environment\\\/\"},{\"@type\":\"ListItem\",\"position\":4,\"name\":\"Green Technology\"}]},{\"@type\":\"WebSite\",\"@id\":\"https:\\\/\\\/aperambioenergia.com.br\\\/#website\",\"url\":\"https:\\\/\\\/aperambioenergia.com.br\\\/\",\"name\":\"Aperam BioEnergia\",\"description\":\"\",\"publisher\":{\"@id\":\"https:\\\/\\\/aperambioenergia.com.br\\\/#organization\"},\"potentialAction\":[{\"@type\":\"SearchAction\",\"target\":{\"@type\":\"EntryPoint\",\"urlTemplate\":\"https:\\\/\\\/aperambioenergia.com.br\\\/?s={search_term_string}\"},\"query-input\":{\"@type\":\"PropertyValueSpecification\",\"valueRequired\":true,\"valueName\":\"search_term_string\"}}],\"inLanguage\":\"en-US\"},{\"@type\":\"Organization\",\"@id\":\"https:\\\/\\\/aperambioenergia.com.br\\\/#organization\",\"name\":\"Aperam BioEnergia\",\"url\":\"https:\\\/\\\/aperambioenergia.com.br\\\/\",\"logo\":{\"@type\":\"ImageObject\",\"inLanguage\":\"en-US\",\"@id\":\"https:\\\/\\\/aperambioenergia.com.br\\\/#\\\/schema\\\/logo\\\/image\\\/\",\"url\":\"https:\\\/\\\/aperambioenergia.com.br\\\/wp-content\\\/uploads\\\/2016\\\/07\\\/logo-288x216.jpg\",\"contentUrl\":\"https:\\\/\\\/aperambioenergia.com.br\\\/wp-content\\\/uploads\\\/2016\\\/07\\\/logo-288x216.jpg\",\"width\":288,\"height\":216,\"caption\":\"Aperam BioEnergia\"},\"image\":{\"@id\":\"https:\\\/\\\/aperambioenergia.com.br\\\/#\\\/schema\\\/logo\\\/image\\\/\"}}]}<\/script>\n<!-- \/ Yoast SEO plugin. -->","yoast_head_json":{"title":"Green Technology - Aperam BioEnergia","robots":{"index":"index","follow":"follow","max-snippet":"max-snippet:-1","max-image-preview":"max-image-preview:large","max-video-preview":"max-video-preview:-1"},"canonical":"https:\/\/aperambioenergia.com.br\/en\/sustainability\/environment\/green-technology\/","og_locale":"en_US","og_type":"article","og_title":"Green Technology - Aperam BioEnergia","og_description":"In order to produce the charcoal that supplies blast furnaces at Aperam (former ArcelorMittal Inox Brasil), Aperam BioEnergia\u00a0(former ArcelorMittal BioEnergia) uses state-of-the-art technology which also allows supporting its activities on the three pillars of sustainability: ENVIRONMENTALLY correct SOCIALLY fair ECONOMICALLY viable The eucalypt plantations and the carbonization process are examples of this. Each stage is [&hellip;]","og_url":"https:\/\/aperambioenergia.com.br\/en\/sustainability\/environment\/green-technology\/","og_site_name":"Aperam BioEnergia","article_modified_time":"2016-07-18T14:42:54+00:00","og_image":[{"width":683,"height":1024,"url":"https:\/\/aperambioenergia.com.br\/wp-content\/uploads\/2016\/06\/K5H5953-683x1024.jpg","type":"image\/jpeg"}],"schema":{"@context":"https:\/\/schema.org","@graph":[{"@type":"WebPage","@id":"https:\/\/aperambioenergia.com.br\/en\/sustainability\/environment\/green-technology\/","url":"https:\/\/aperambioenergia.com.br\/en\/sustainability\/environment\/green-technology\/","name":"Green Technology - Aperam BioEnergia","isPartOf":{"@id":"https:\/\/aperambioenergia.com.br\/#website"},"primaryImageOfPage":{"@id":"https:\/\/aperambioenergia.com.br\/en\/sustainability\/environment\/green-technology\/#primaryimage"},"image":{"@id":"https:\/\/aperambioenergia.com.br\/en\/sustainability\/environment\/green-technology\/#primaryimage"},"thumbnailUrl":"https:\/\/aperambioenergia.com.br\/wp-content\/uploads\/2016\/06\/K5H5953.jpg","datePublished":"2016-07-15T13:37:16+00:00","dateModified":"2016-07-18T14:42:54+00:00","breadcrumb":{"@id":"https:\/\/aperambioenergia.com.br\/en\/sustainability\/environment\/green-technology\/#breadcrumb"},"inLanguage":"en-US","potentialAction":[{"@type":"ReadAction","target":["https:\/\/aperambioenergia.com.br\/en\/sustainability\/environment\/green-technology\/"]}]},{"@type":"ImageObject","inLanguage":"en-US","@id":"https:\/\/aperambioenergia.com.br\/en\/sustainability\/environment\/green-technology\/#primaryimage","url":"https:\/\/aperambioenergia.com.br\/wp-content\/uploads\/2016\/06\/K5H5953.jpg","contentUrl":"https:\/\/aperambioenergia.com.br\/wp-content\/uploads\/2016\/06\/K5H5953.jpg","width":3780,"height":5669},{"@type":"BreadcrumbList","@id":"https:\/\/aperambioenergia.com.br\/en\/sustainability\/environment\/green-technology\/#breadcrumb","itemListElement":[{"@type":"ListItem","position":1,"name":"In\u00edcio","item":"https:\/\/aperambioenergia.com.br\/"},{"@type":"ListItem","position":2,"name":"Sustainability","item":"https:\/\/aperambioenergia.com.br\/en\/sustainability\/"},{"@type":"ListItem","position":3,"name":"Environment","item":"https:\/\/aperambioenergia.com.br\/en\/sustainability\/environment\/"},{"@type":"ListItem","position":4,"name":"Green Technology"}]},{"@type":"WebSite","@id":"https:\/\/aperambioenergia.com.br\/#website","url":"https:\/\/aperambioenergia.com.br\/","name":"Aperam BioEnergia","description":"","publisher":{"@id":"https:\/\/aperambioenergia.com.br\/#organization"},"potentialAction":[{"@type":"SearchAction","target":{"@type":"EntryPoint","urlTemplate":"https:\/\/aperambioenergia.com.br\/?s={search_term_string}"},"query-input":{"@type":"PropertyValueSpecification","valueRequired":true,"valueName":"search_term_string"}}],"inLanguage":"en-US"},{"@type":"Organization","@id":"https:\/\/aperambioenergia.com.br\/#organization","name":"Aperam BioEnergia","url":"https:\/\/aperambioenergia.com.br\/","logo":{"@type":"ImageObject","inLanguage":"en-US","@id":"https:\/\/aperambioenergia.com.br\/#\/schema\/logo\/image\/","url":"https:\/\/aperambioenergia.com.br\/wp-content\/uploads\/2016\/07\/logo-288x216.jpg","contentUrl":"https:\/\/aperambioenergia.com.br\/wp-content\/uploads\/2016\/07\/logo-288x216.jpg","width":288,"height":216,"caption":"Aperam BioEnergia"},"image":{"@id":"https:\/\/aperambioenergia.com.br\/#\/schema\/logo\/image\/"}}]}},"_links":{"self":[{"href":"https:\/\/aperambioenergia.com.br\/en\/wp-json\/wp\/v2\/pages\/13219","targetHints":{"allow":["GET"]}}],"collection":[{"href":"https:\/\/aperambioenergia.com.br\/en\/wp-json\/wp\/v2\/pages"}],"about":[{"href":"https:\/\/aperambioenergia.com.br\/en\/wp-json\/wp\/v2\/types\/page"}],"author":[{"embeddable":true,"href":"https:\/\/aperambioenergia.com.br\/en\/wp-json\/wp\/v2\/users\/1"}],"replies":[{"embeddable":true,"href":"https:\/\/aperambioenergia.com.br\/en\/wp-json\/wp\/v2\/comments?post=13219"}],"version-history":[{"count":0,"href":"https:\/\/aperambioenergia.com.br\/en\/wp-json\/wp\/v2\/pages\/13219\/revisions"}],"up":[{"embeddable":true,"href":"https:\/\/aperambioenergia.com.br\/en\/wp-json\/wp\/v2\/pages\/13255"}],"wp:featuredmedia":[{"embeddable":true,"href":"https:\/\/aperambioenergia.com.br\/en\/wp-json\/wp\/v2\/media\/12939"}],"wp:attachment":[{"href":"https:\/\/aperambioenergia.com.br\/en\/wp-json\/wp\/v2\/media?parent=13219"}],"wp:term":[{"taxonomy":"destaque_home","embeddable":true,"href":"https:\/\/aperambioenergia.com.br\/en\/wp-json\/wp\/v2\/destaque_home?post=13219"}],"curies":[{"name":"wp","href":"https:\/\/api.w.org\/{rel}","templated":true}]}}